{"id":3393,"date":"2014-12-11T13:48:36","date_gmt":"2014-12-11T13:48:36","guid":{"rendered":"https:\/\/www.undsgn.com\/uncode\/?page_id=3393"},"modified":"2025-05-17T10:13:25","modified_gmt":"2025-05-17T09:13:25","slug":"conference","status":"publish","type":"page","link":"https:\/\/hotelnordlandet.com\/en\/conference\/","title":{"rendered":"Conferences &#038; meetings"},"content":{"rendered":"<div class=\"wpb-content-wrapper\"><p>[vc_row row_height_percent=&#8221;0&#8243; override_padding=&#8221;yes&#8221; h_padding=&#8221;2&#8243; top_padding=&#8221;5&#8243; bottom_padding=&#8221;5&#8243; back_color=&#8221;color-gyho&#8221; overlay_alpha=&#8221;50&#8243; gutter_size=&#8221;4&#8243; column_width_percent=&#8221;100&#8243; shift_y=&#8221;0&#8243; z_index=&#8221;0&#8243; uncode_shortcode_id=&#8221;191619&#8243; back_color_type=&#8221;uncode-palette&#8221;][vc_column column_width_percent=&#8221;100&#8243; position_horizontal=&#8221;left&#8221; gutter_size=&#8221;3&#8243; overlay_alpha=&#8221;50&#8243; shift_x=&#8221;0&#8243; shift_y=&#8221;0&#8243; shift_y_down=&#8221;0&#8243; z_index=&#8221;0&#8243; medium_width=&#8221;0&#8243; mobile_width=&#8221;0&#8243; width=&#8221;1\/2&#8243;][vc_custom_heading heading_semantic=&#8221;h4&#8243; text_size=&#8221;h4&#8243; css_animation=&#8221;alpha-anim&#8221; uncode_shortcode_id=&#8221;816123&#8243;]<span class=\"font-762333 font-175345\" style=\"color: #000000;\">Conferences &amp; Meetings?<\/span>[\/vc_custom_heading][vc_column_text uncode_shortcode_id=&#8221;927050&#8243;]<\/p>\n<p data-sourcepos=\"3:1-3:239\"><span style=\"color: #333333;\">With its intimate and cozy atmosphere, Nordlandet is an ideal venue for conferences, meetings, offsites, or other special events. Located in scenic surroundings on the northern tip of Bornholm, it&#8217;s only a 35-minute flight from Copenhagen.<\/span><\/p>\n<p data-sourcepos=\"5:1-5:85\"><span style=\"color: #333333;\">A stunning sea view is a common feature of all rooms and spaces throughout the hotel.<\/span><\/p>\n<p data-sourcepos=\"7:1-7:63\"><span style=\"color: #333333;\">We can tailor the perfect solution to suit your specific event.<\/span><\/p>\n<p data-sourcepos=\"9:1-9:37\"><span style=\"color: #333333;\"><a style=\"color: #333333;\" href=\"https:\/\/hotelnordlandet.com\/en\/contact\/\">Contact<\/a> us for a no-obligation quote.<\/span><\/p>\n<p>[\/vc_column_text][vc_button button_color=&#8221;color-prif&#8221; border_width=&#8221;0&#8243; display=&#8221;inline&#8221; top_margin=&#8221;yes&#8221; link=&#8221;url:mailto%3Ainfo%40nordlandet.dk|target:_blank&#8221; uncode_shortcode_id=&#8221;159521&#8243; button_color_type=&#8221;uncode-palette&#8221;]Email[\/vc_button][vc_button button_color=&#8221;color-prif&#8221; border_width=&#8221;0&#8243; display=&#8221;inline&#8221; link=&#8221;url:tel%3A%2B45%2056%2048%2003%2044|target:_blank&#8221; uncode_shortcode_id=&#8221;820636&#8243; button_color_type=&#8221;uncode-palette&#8221;]Call[\/vc_button][\/vc_column][vc_column width=&#8221;1\/2&#8243;][vc_custom_heading heading_semantic=&#8221;h4&#8243; text_size=&#8221;h4&#8243; css_animation=&#8221;alpha-anim&#8221; uncode_shortcode_id=&#8221;437597&#8243;]<span style=\"color: #333333;\">Among other things, we have:<\/span>[\/vc_custom_heading][uncode_list larger=&#8221;yes&#8221; icon=&#8221;fa fa-angle-right&#8221; icon_color=&#8221;color-wvjs&#8221; css_animation=&#8221;alpha-anim&#8221; animation_delay=&#8221;100&#8243; uncode_shortcode_id=&#8221;162490&#8243; icon_color_type=&#8221;uncode-palette&#8221;]<\/p>\n<ul>\n<li><span style=\"color: #333333;\">45 rooms and apartments \u2013 all with sea view<\/span><\/li>\n<li><span style=\"color: #333333;\">2 separate meeting rooms located directly by (or: overlooking) the Baltic Sea<\/span><\/li>\n<li><span style=\"color: #333333;\">Option for breakout rooms<\/span><\/li>\n<li><span style=\"color: #333333;\">Presentation and AV equipment<\/span><\/li>\n<li><span style=\"color: #333333;\">Restaurant Nordlandet, lounge area, and orangery<\/span><\/li>\n<li><span style=\"color: #333333;\">Swimming ladders (for sea access) and our own sauna<\/span><\/li>\n<li><span style=\"color: #333333;\">Our informal dining bar, Underbar<\/span><\/li>\n<\/ul>\n<p>[\/uncode_list][\/vc_column][\/vc_row][vc_row row_height_percent=&#8221;70&#8243; back_image=&#8221;49692&#8243; overlay_color=&#8221;color-lxmt&#8221; overlay_alpha=&#8221;50&#8243; gutter_size=&#8221;3&#8243; column_width_percent=&#8221;100&#8243; shift_y=&#8221;0&#8243; z_index=&#8221;0&#8243; content_parallax=&#8221;0&#8243; uncode_shortcode_id=&#8221;405815&#8243; overlay_color_type=&#8221;uncode-palette&#8221;][vc_column width=&#8221;1\/1&#8243;][vc_empty_space empty_h=&#8221;2&#8243;][\/vc_column][\/vc_row]<\/p>\n<\/div>","protected":false},"excerpt":{"rendered":"<p>[vc_row row_height_percent=&#8221;0&#8243; override_padding=&#8221;yes&#8221; h_padding=&#8221;2&#8243; top_padding=&#8221;5&#8243; bottom_padding=&#8221;5&#8243; back_color=&#8221;color-gyho&#8221; overlay_alpha=&#8221;50&#8243; gutter_size=&#8221;4&#8243; column_width_percent=&#8221;100&#8243; shift_y=&#8221;0&#8243; z_index=&#8221;0&#8243; uncode_shortcode_id=&#8221;191619&#8243; back_color_type=&#8221;uncode-palette&#8221;][vc_column column_width_percent=&#8221;100&#8243; position_horizontal=&#8221;left&#8221; gutter_size=&#8221;3&#8243; overlay_alpha=&#8221;50&#8243; shift_x=&#8221;0&#8243; shift_y=&#8221;0&#8243; [&hellip;]<\/p>\n","protected":false},"author":2,"featured_media":0,"parent":0,"menu_order":0,"comment_status":"open","ping_status":"closed","template":"","meta":{"footnotes":""},"class_list":["post-3393","page","type-page","status-publish","hentry"],"yoast_head":"<!-- This site is optimized with the Yoast SEO plugin v27.3 - https:\/\/yoast.com\/product\/yoast-seo-wordpress\/ -->\n<title>Conferences &amp; meetings - hotel nordlandet<\/title>\n<meta name=\"description\" content=\"Mindev\u00e6rdige konferencer &amp; events p\u00e5 Hotel Nordlandet, Bornholm. Betagende havudsigt, skr\u00e6ddersyede faciliteter &amp; nordisk charme. Book jeres unikke event!\" \/>\n<meta name=\"robots\" content=\"index, follow, max-snippet:-1, max-image-preview:large, max-video-preview:-1\" \/>\n<link rel=\"canonical\" href=\"https:\/\/hotelnordlandet.com\/en\/conferences-and-meetings\/\" \/>\n<meta property=\"og:locale\" content=\"en_US\" \/>\n<meta property=\"og:type\" content=\"article\" \/>\n<meta property=\"og:title\" content=\"Host memorable conferences &amp; events at Hotel Nordlandet\" \/>\n<meta property=\"og:description\" content=\"Host memorable conferences &amp; events at Hotel Nordlandet, Bornholm. Stunning sea views, tailored facilities &amp; Nordic charm. Plan your unique gathering today!\" \/>\n<meta property=\"og:url\" content=\"https:\/\/hotelnordlandet.com\/en\/conferences-and-meetings\/\" \/>\n<meta property=\"og:site_name\" content=\"hotel nordlandet\" \/>\n<meta property=\"article:publisher\" content=\"https:\/\/www.facebook.com\/hotelnordlandet\" \/>\n<meta property=\"article:modified_time\" content=\"2025-05-17T09:13:25+00:00\" \/>\n<meta property=\"og:image\" content=\"https:\/\/hotelnordlandet.com\/wp-content\/uploads\/2015\/10\/2U5A6872-169-Format-scaled.jpg\" \/>\n\t<meta property=\"og:image:width\" content=\"2560\" \/>\n\t<meta property=\"og:image:height\" content=\"1440\" \/>\n\t<meta property=\"og:image:type\" content=\"image\/jpeg\" \/>\n<meta name=\"twitter:card\" content=\"summary_large_image\" \/>\n<meta name=\"twitter:label1\" content=\"Est. reading time\" \/>\n\t<meta name=\"twitter:data1\" content=\"1 minute\" \/>\n<script type=\"application\/ld+json\" class=\"yoast-schema-graph\">{\"@context\":\"https:\\\/\\\/schema.org\",\"@graph\":[{\"@type\":\"WebPage\",\"@id\":\"https:\\\/\\\/hotelnordlandet.com\\\/en\\\/conferences-and-meetings\\\/\",\"url\":\"https:\\\/\\\/hotelnordlandet.com\\\/en\\\/conferences-and-meetings\\\/\",\"name\":\"Conferences & meetings - hotel nordlandet\",\"isPartOf\":{\"@id\":\"https:\\\/\\\/hotelnordlandet.com\\\/en\\\/#website\"},\"datePublished\":\"2014-12-11T13:48:36+00:00\",\"dateModified\":\"2025-05-17T09:13:25+00:00\",\"description\":\"Mindev\u00e6rdige konferencer & events p\u00e5 Hotel Nordlandet, Bornholm. Betagende havudsigt, skr\u00e6ddersyede faciliteter & nordisk charme. Book jeres unikke event!\",\"breadcrumb\":{\"@id\":\"https:\\\/\\\/hotelnordlandet.com\\\/en\\\/conferences-and-meetings\\\/#breadcrumb\"},\"inLanguage\":\"en-US\",\"potentialAction\":[{\"@type\":\"ReadAction\",\"target\":[[\"https:\\\/\\\/hotelnordlandet.com\\\/en\\\/conferences-and-meetings\\\/\"]]}]},{\"@type\":\"BreadcrumbList\",\"@id\":\"https:\\\/\\\/hotelnordlandet.com\\\/en\\\/conferences-and-meetings\\\/#breadcrumb\",\"itemListElement\":[{\"@type\":\"ListItem\",\"position\":1,\"name\":\"Home\",\"item\":\"https:\\\/\\\/hotelnordlandet.com\\\/en\\\/\"},{\"@type\":\"ListItem\",\"position\":2,\"name\":\"Conferences &#038; meetings\"}]},{\"@type\":\"WebSite\",\"@id\":\"https:\\\/\\\/hotelnordlandet.com\\\/en\\\/#website\",\"url\":\"https:\\\/\\\/hotelnordlandet.com\\\/en\\\/\",\"name\":\"nordlandet\",\"description\":\"hotel nordlandet bornholm\",\"publisher\":{\"@id\":\"https:\\\/\\\/hotelnordlandet.com\\\/en\\\/#organization\"},\"potentialAction\":[{\"@type\":\"SearchAction\",\"target\":{\"@type\":\"EntryPoint\",\"urlTemplate\":\"https:\\\/\\\/hotelnordlandet.com\\\/en\\\/?s={search_term_string}\"},\"query-input\":{\"@type\":\"PropertyValueSpecification\",\"valueRequired\":true,\"valueName\":\"search_term_string\"}}],\"inLanguage\":\"en-US\"},{\"@type\":\"Organization\",\"@id\":\"https:\\\/\\\/hotelnordlandet.com\\\/en\\\/#organization\",\"name\":\"nordlandet\",\"url\":\"https:\\\/\\\/hotelnordlandet.com\\\/en\\\/\",\"logo\":{\"@type\":\"ImageObject\",\"inLanguage\":\"en-US\",\"@id\":\"https:\\\/\\\/hotelnordlandet.com\\\/en\\\/#\\\/schema\\\/logo\\\/image\\\/\",\"url\":\"https:\\\/\\\/hotelnordlandet.com\\\/wp-content\\\/uploads\\\/2016\\\/01\\\/U5A0610-e1529747423552.jpg\",\"contentUrl\":\"https:\\\/\\\/hotelnordlandet.com\\\/wp-content\\\/uploads\\\/2016\\\/01\\\/U5A0610-e1529747423552.jpg\",\"width\":632,\"height\":933,\"caption\":\"nordlandet\"},\"image\":{\"@id\":\"https:\\\/\\\/hotelnordlandet.com\\\/en\\\/#\\\/schema\\\/logo\\\/image\\\/\"},\"sameAs\":[\"https:\\\/\\\/www.facebook.com\\\/hotelnordlandet\"]}]}<\/script>\n<!-- \/ Yoast SEO plugin. -->","yoast_head_json":{"title":"Conferences & meetings - hotel nordlandet","description":"Mindev\u00e6rdige konferencer & events p\u00e5 Hotel Nordlandet, Bornholm. Betagende havudsigt, skr\u00e6ddersyede faciliteter & nordisk charme. Book jeres unikke event!","robots":{"index":"index","follow":"follow","max-snippet":"max-snippet:-1","max-image-preview":"max-image-preview:large","max-video-preview":"max-video-preview:-1"},"canonical":"https:\/\/hotelnordlandet.com\/en\/conferences-and-meetings\/","og_locale":"en_US","og_type":"article","og_title":"Host memorable conferences & events at Hotel Nordlandet","og_description":"Host memorable conferences & events at Hotel Nordlandet, Bornholm. Stunning sea views, tailored facilities & Nordic charm. Plan your unique gathering today!","og_url":"https:\/\/hotelnordlandet.com\/en\/conferences-and-meetings\/","og_site_name":"hotel nordlandet","article_publisher":"https:\/\/www.facebook.com\/hotelnordlandet","article_modified_time":"2025-05-17T09:13:25+00:00","og_image":[{"width":2560,"height":1440,"url":"https:\/\/hotelnordlandet.com\/wp-content\/uploads\/2015\/10\/2U5A6872-169-Format-scaled.jpg","type":"image\/jpeg"}],"twitter_card":"summary_large_image","twitter_misc":{"Est. reading time":"1 minute"},"schema":{"@context":"https:\/\/schema.org","@graph":[{"@type":"WebPage","@id":"https:\/\/hotelnordlandet.com\/en\/conferences-and-meetings\/","url":"https:\/\/hotelnordlandet.com\/en\/conferences-and-meetings\/","name":"Conferences & meetings - hotel nordlandet","isPartOf":{"@id":"https:\/\/hotelnordlandet.com\/en\/#website"},"datePublished":"2014-12-11T13:48:36+00:00","dateModified":"2025-05-17T09:13:25+00:00","description":"Mindev\u00e6rdige konferencer & events p\u00e5 Hotel Nordlandet, Bornholm. Betagende havudsigt, skr\u00e6ddersyede faciliteter & nordisk charme. Book jeres unikke event!","breadcrumb":{"@id":"https:\/\/hotelnordlandet.com\/en\/conferences-and-meetings\/#breadcrumb"},"inLanguage":"en-US","potentialAction":[{"@type":"ReadAction","target":[["https:\/\/hotelnordlandet.com\/en\/conferences-and-meetings\/"]]}]},{"@type":"BreadcrumbList","@id":"https:\/\/hotelnordlandet.com\/en\/conferences-and-meetings\/#breadcrumb","itemListElement":[{"@type":"ListItem","position":1,"name":"Home","item":"https:\/\/hotelnordlandet.com\/en\/"},{"@type":"ListItem","position":2,"name":"Conferences &#038; meetings"}]},{"@type":"WebSite","@id":"https:\/\/hotelnordlandet.com\/en\/#website","url":"https:\/\/hotelnordlandet.com\/en\/","name":"nordlandet","description":"hotel nordlandet bornholm","publisher":{"@id":"https:\/\/hotelnordlandet.com\/en\/#organization"},"potentialAction":[{"@type":"SearchAction","target":{"@type":"EntryPoint","urlTemplate":"https:\/\/hotelnordlandet.com\/en\/?s={search_term_string}"},"query-input":{"@type":"PropertyValueSpecification","valueRequired":true,"valueName":"search_term_string"}}],"inLanguage":"en-US"},{"@type":"Organization","@id":"https:\/\/hotelnordlandet.com\/en\/#organization","name":"nordlandet","url":"https:\/\/hotelnordlandet.com\/en\/","logo":{"@type":"ImageObject","inLanguage":"en-US","@id":"https:\/\/hotelnordlandet.com\/en\/#\/schema\/logo\/image\/","url":"https:\/\/hotelnordlandet.com\/wp-content\/uploads\/2016\/01\/U5A0610-e1529747423552.jpg","contentUrl":"https:\/\/hotelnordlandet.com\/wp-content\/uploads\/2016\/01\/U5A0610-e1529747423552.jpg","width":632,"height":933,"caption":"nordlandet"},"image":{"@id":"https:\/\/hotelnordlandet.com\/en\/#\/schema\/logo\/image\/"},"sameAs":["https:\/\/www.facebook.com\/hotelnordlandet"]}]}},"_links":{"self":[{"href":"https:\/\/hotelnordlandet.com\/en\/wp-json\/wp\/v2\/pages\/3393","targetHints":{"allow":["GET"]}}],"collection":[{"href":"https:\/\/hotelnordlandet.com\/en\/wp-json\/wp\/v2\/pages"}],"about":[{"href":"https:\/\/hotelnordlandet.com\/en\/wp-json\/wp\/v2\/types\/page"}],"author":[{"embeddable":true,"href":"https:\/\/hotelnordlandet.com\/en\/wp-json\/wp\/v2\/users\/2"}],"replies":[{"embeddable":true,"href":"https:\/\/hotelnordlandet.com\/en\/wp-json\/wp\/v2\/comments?post=3393"}],"version-history":[{"count":134,"href":"https:\/\/hotelnordlandet.com\/en\/wp-json\/wp\/v2\/pages\/3393\/revisions"}],"predecessor-version":[{"id":50714,"href":"https:\/\/hotelnordlandet.com\/en\/wp-json\/wp\/v2\/pages\/3393\/revisions\/50714"}],"wp:attachment":[{"href":"https:\/\/hotelnordlandet.com\/en\/wp-json\/wp\/v2\/media?parent=3393"}],"curies":[{"name":"wp","href":"https:\/\/api.w.org\/{rel}","templated":true}]}}