{"id":48635,"date":"2020-06-25T09:51:53","date_gmt":"2020-06-25T08:51:53","guid":{"rendered":"https:\/\/hotelnordlandet.com\/?page_id=48635"},"modified":"2025-05-14T13:41:38","modified_gmt":"2025-05-14T12:41:38","slug":"apartments","status":"publish","type":"page","link":"https:\/\/hotelnordlandet.com\/da\/apartments\/","title":{"rendered":"Lejligheder"},"content":{"rendered":"<div class=\"wpb-content-wrapper\"><p>[vc_row row_height_percent=&#8221;0&#8243; overlay_alpha=&#8221;50&#8243; gutter_size=&#8221;3&#8243; column_width_percent=&#8221;100&#8243; shift_y=&#8221;0&#8243; z_index=&#8221;0&#8243;][vc_column column_width_percent=&#8221;100&#8243; position_horizontal=&#8221;left&#8221; gutter_size=&#8221;3&#8243; overlay_alpha=&#8221;50&#8243; shift_x=&#8221;0&#8243; shift_y=&#8221;0&#8243; shift_y_down=&#8221;0&#8243; z_index=&#8221;0&#8243; medium_width=&#8221;0&#8243; mobile_width=&#8221;0&#8243; width=&#8221;1\/1&#8243;][vc_tabs history=&#8221;yes&#8221;][vc_tab title=&#8221;SEPARAT SOVEV\u00c6RELSE &amp; HAVUDSIGT (2 PERS.)&#8221; tab_id=&#8221;1592934434-1-52&#8243;][vc_row_inner][vc_column_inner width=&#8221;1\/2&#8243;][vc_gallery el_id=&#8221;gallery-421559&#8243; type=&#8221;carousel&#8221; medias=&#8221;50153,50155,50154,48270,48271,48272,48279,50157&#8243; carousel_lg=&#8221;1&#8243; carousel_md=&#8221;1&#8243; carousel_sm=&#8221;1&#8243; thumb_size=&#8221;three-two&#8221; gutter_size=&#8221;3&#8243; carousel_interval=&#8221;3000&#8243; carousel_navspeed=&#8221;400&#8243; carousel_dots=&#8221;yes&#8221; stage_padding=&#8221;0&#8243; single_overlay_opacity=&#8221;50&#8243; single_padding=&#8221;2&#8243; uncode_shortcode_id=&#8221;124703&#8243;][\/vc_column_inner][vc_column_inner width=&#8221;1\/2&#8243;][vc_custom_heading text_font=&#8221;font-762333&#8243; text_size=&#8221;h3&#8243; text_weight=&#8221;700&#8243;]LEJLIGHED MED SEPARAT SOVEV\u00c6RELSE OG HAVUDSIGT (2 pers.)[\/vc_custom_heading][vc_column_text]<\/p>\n<p class=\"p1\"><span class=\"s1\">Et perfekt sted for jer, som \u00f8nsker god plads under ferien samt adgang til eget k\u00f8kken med dertilh\u00f8rende faciliteter inkl. opvaskemaskine. Lejligheden indeholder endvidere siddeplads, sofa, fri wifi og 40&#8243; full HD flatscreen. P\u00e5 badev\u00e6relset er l\u00e6kre produkter fra L:A Bruket.<\/span><\/p>\n<ul>\n<li>Havudsigt direkte mod \u00d8sters\u00f8en<\/li>\n<li><span style=\"font-family: Hind;\">Gratis Wifi<\/span><\/li>\n<li><span style=\"font-family: Hind;\"><span style=\"font-family: Hind;\">Mulighed for tilvalg af morgenmadsbuffet med\u00a0<\/span><\/span>Bornholmske specialiteter<\/li>\n<li>Eget k\u00f8kken incl. opvaskemaskine<\/li>\n<\/ul>\n<p>[\/vc_column_text][\/vc_column_inner][\/vc_row_inner][\/vc_tab][vc_tab gutter_size=&#8221;2&#8243; column_padding=&#8221;2&#8243; title=&#8221;MED TO BALKONER, SOVERUM &amp; HAVUDSIGT&#8221; tab_id=&#8221;1629699828221-5-0&#8243;][vc_row_inner][vc_column_inner width=&#8221;1\/2&#8243;][vc_gallery el_id=&#8221;gallery-897640&#8243; type=&#8221;carousel&#8221; medias=&#8221;49352,49356,49355,49432,49433&#8243; carousel_lg=&#8221;1&#8243; carousel_md=&#8221;1&#8243; carousel_sm=&#8221;1&#8243; thumb_size=&#8221;three-two&#8221; gutter_size=&#8221;3&#8243; carousel_interval=&#8221;3000&#8243; carousel_navspeed=&#8221;400&#8243; carousel_dots=&#8221;yes&#8221; stage_padding=&#8221;0&#8243; single_overlay_opacity=&#8221;50&#8243; single_padding=&#8221;2&#8243; uncode_shortcode_id=&#8221;210396&#8243;][\/vc_column_inner][vc_column_inner width=&#8221;1\/2&#8243;][vc_custom_heading text_font=&#8221;font-762333&#8243; text_size=&#8221;h3&#8243; text_weight=&#8221;700&#8243; uncode_shortcode_id=&#8221;520017&#8243;]LEJLIGHED MED TO BALKONER, SEPARAT SOVERUM OG HAVUDSIGT[\/vc_custom_heading][vc_column_text]<\/p>\n<p class=\"p1\">Et perfekt sted for jer, som \u00f8nsker god plads under ferien samt adgang til eget k\u00f8kken med dertilh\u00f8rende faciliteter inkl. opvaskemaskine. Lejligheden har en dobbeltseng, et separat sovev\u00e6relse, samt to udvendige balkoner. Lejligheden indeholder endvidere siddeplads, sofa, fri wifi og 40\u2033 full HD flatscreen. P\u00e5 badev\u00e6relset er l\u00e6kre produkter fra L:A Bruket.<\/p>\n<ul class=\"ul1\">\n<li class=\"li1\">Havudsigt direkte mod \u00d8sters\u00f8en<\/li>\n<li class=\"li1\">2 balkoner<\/li>\n<li class=\"li1\">Seperat sovev\u00e6relse + dobbeltseng<\/li>\n<li class=\"li1\">Gratis Wifi<\/li>\n<li class=\"li1\">Mulighed for tilvalg af morgenmadsbuffet med\u00a0Bornholmske specialiteter<\/li>\n<li class=\"li1\">Eget k\u00f8kken incl. opvaskemaskine<\/li>\n<\/ul>\n<p>[\/vc_column_text][\/vc_column_inner][\/vc_row_inner][\/vc_tab][vc_tab gutter_size=&#8221;2&#8243; column_padding=&#8221;2&#8243; title=&#8221;SEPARAT SOVEV\u00c6RELSE, SOVERUM &amp; HAVUDSIGT&#8221; tab_id=&#8221;1592934434-2-86&#8243;][vc_row_inner][vc_column_inner width=&#8221;1\/2&#8243;][vc_gallery el_id=&#8221;gallery-752648&#8243; type=&#8221;carousel&#8221; medias=&#8221;50153,50155,50154,47499,48262,48263,47977&#8243; carousel_lg=&#8221;1&#8243; carousel_md=&#8221;1&#8243; carousel_sm=&#8221;1&#8243; thumb_size=&#8221;three-two&#8221; gutter_size=&#8221;3&#8243; carousel_interval=&#8221;3000&#8243; carousel_navspeed=&#8221;400&#8243; carousel_dots=&#8221;yes&#8221; stage_padding=&#8221;0&#8243; single_overlay_opacity=&#8221;50&#8243; single_padding=&#8221;2&#8243; uncode_shortcode_id=&#8221;101785&#8243;][\/vc_column_inner][vc_column_inner width=&#8221;1\/2&#8243;][vc_custom_heading text_font=&#8221;font-762333&#8243; text_size=&#8221;h3&#8243; text_weight=&#8221;700&#8243; uncode_shortcode_id=&#8221;149466&#8243;]LEJLIGHED MED SEPARAT SOVEV\u00c6RELSE, SOVERUM OG HAVUDSIGT[\/vc_custom_heading][vc_column_text uncode_shortcode_id=&#8221;194858&#8243;]<\/p>\n<p class=\"p1\"><span class=\"s1\">Et perfekt sted for jer, som \u00f8nsker god plads under ferien samt adgang til eget k\u00f8kken med dertilh\u00f8rende faciliteter inkl. opvaskemaskine. Lejligheden har et separat sovev\u00e6relse, samt et hyggeligt soverum til yderligere 2. <\/span><span class=\"s1\">Lejligheden indeholder endvidere siddeplads, sofa, fri wifi og 40&#8243; full HD flatscreen. P\u00e5 badev\u00e6relset er l\u00e6kre produkter fra L:A Bruket.<\/span><\/p>\n<ul>\n<li>Havudsigt direkte mod \u00d8sters\u00f8en<\/li>\n<li><span style=\"font-family: Hind;\">Gratis Wifi<\/span><\/li>\n<li><span style=\"font-family: Hind;\"><span style=\"font-family: Hind;\">Mulighed for tilvalg af morgenmadsbuffet med\u00a0<\/span><\/span>Bornholmske specialiteter<\/li>\n<li>Eget k\u00f8kken incl. opvaskemaskine<\/li>\n<\/ul>\n<p>[\/vc_column_text][\/vc_column_inner][\/vc_row_inner][\/vc_tab][vc_tab gutter_size=&#8221;2&#8243; column_padding=&#8221;2&#8243; title=&#8221;MED HAVUDSIGT, HAVVENDT TERRASSE, SEPARAT SOVEV\u00c6RELSE OG SOVERUM&#8221; tab_id=&#8221;1638362375663-6-8&#8243;][vc_row_inner][vc_column_inner width=&#8221;1\/2&#8243;][vc_gallery el_id=&#8221;gallery-524125&#8243; type=&#8221;carousel&#8221; medias=&#8221;48258,50148,50149,47992,47993,48264,50146,50150&#8243; carousel_lg=&#8221;1&#8243; carousel_md=&#8221;1&#8243; carousel_sm=&#8221;1&#8243; thumb_size=&#8221;three-two&#8221; gutter_size=&#8221;3&#8243; carousel_interval=&#8221;3000&#8243; carousel_navspeed=&#8221;400&#8243; carousel_dots=&#8221;yes&#8221; stage_padding=&#8221;0&#8243; single_overlay_opacity=&#8221;50&#8243; single_padding=&#8221;2&#8243; uncode_shortcode_id=&#8221;514344&#8243;][\/vc_column_inner][vc_column_inner width=&#8221;1\/2&#8243;][vc_custom_heading text_font=&#8221;font-762333&#8243; text_size=&#8221;h3&#8243; text_weight=&#8221;700&#8243; uncode_shortcode_id=&#8221;952038&#8243;]LEJLIGHED MED HAVUDSIGT, HAVVENDT TERRASSE, SEPARAT SOVEV\u00c6RELSE OG SOVERUM[\/vc_custom_heading][vc_column_text]<\/p>\n<p class=\"p1\"><span class=\"s1\">Et perfekt sted for jer, som \u00f8nsker god plads under ferien samt adgang til eget k\u00f8kken med dertilh\u00f8rende faciliteter inkl. opvaskemaskine. Lejligheden har et separat sovev\u00e6relse, samt et hyggeligt soverum til yderligere 2. <\/span><span class=\"s1\">Lejligheden indeholder endvidere siddeplads, sofa, fri wifi og 40&#8243; full HD flatscreen. P\u00e5 badev\u00e6relset er l\u00e6kre produkter fra L:A Bruket.<\/span><\/p>\n<ul>\n<li>Havudsigt direkte mod \u00d8sters\u00f8en<\/li>\n<li><span style=\"font-family: Hind;\">Gratis Wifi<\/span><\/li>\n<li><span style=\"font-family: Hind;\"><span style=\"font-family: Hind;\">Mulighed for tilvalg af morgenmadsbuffet med\u00a0<\/span><\/span>Bornholmske specialiteter<\/li>\n<li>Eget k\u00f8kken incl. opvaskemaskine<\/li>\n<\/ul>\n<p>[\/vc_column_text][\/vc_column_inner][\/vc_row_inner][\/vc_tab][vc_tab title=&#8221;2 BALKONER &amp; HAVUDSIGT&#8221; tab_id=&#8221;1592934811613-2-10&#8243;][vc_row_inner][vc_column_inner width=&#8221;1\/2&#8243;][vc_gallery el_id=&#8221;gallery-844919&#8243; type=&#8221;carousel&#8221; medias=&#8221;50138,50133,50134,48253,48254,50131,50132,50135,50136,48252,50137&#8243; carousel_lg=&#8221;1&#8243; carousel_md=&#8221;1&#8243; carousel_sm=&#8221;1&#8243; thumb_size=&#8221;three-two&#8221; gutter_size=&#8221;3&#8243; carousel_interval=&#8221;3000&#8243; carousel_navspeed=&#8221;400&#8243; carousel_dots=&#8221;yes&#8221; stage_padding=&#8221;0&#8243; single_overlay_opacity=&#8221;50&#8243; single_padding=&#8221;2&#8243; uncode_shortcode_id=&#8221;143731&#8243;][\/vc_column_inner][vc_column_inner width=&#8221;1\/2&#8243;][vc_custom_heading text_font=&#8221;font-762333&#8243; text_size=&#8221;h3&#8243; text_weight=&#8221;700&#8243;]LEJLIGHED MED 2 BALKONER OG HAVUDSIGT[\/vc_custom_heading][vc_column_text uncode_shortcode_id=&#8221;872659&#8243;]<\/p>\n<p class=\"p1\"><span class=\"s1\">Et perfekt sted for jer, som \u00f8nsker god plads under ferien samt adgang til eget k\u00f8kken med dertilh\u00f8rende faciliteter inkl. opvaskemaskine. Lejligheden har en dobbeltseng &#8211; suppleret med k\u00f8jeseng til yderligere 2 opredninger. Lejligheden indeholder endvidere siddeplads, sofa, fri wifi og 40&#8243; full HD flatscreen. P\u00e5 badev\u00e6relset er l\u00e6kre produkter fra L:A Bruket.<\/span><\/p>\n<ul>\n<li>Havudsigt direkte mod \u00d8sters\u00f8en<\/li>\n<li>2 balkoner<\/li>\n<li><span style=\"font-family: Hind;\">Gratis Wifi<\/span><\/li>\n<li><span style=\"font-family: Hind;\"><span style=\"font-family: Hind;\">Mulighed for tilvalg af morgenmadsbuffet med\u00a0<\/span><\/span>Bornholmske specialiteter<\/li>\n<li>Eget k\u00f8kken incl. opvaskemaskine<\/li>\n<\/ul>\n<p>[\/vc_column_text][\/vc_column_inner][\/vc_row_inner][\/vc_tab][vc_tab gutter_size=&#8221;2&#8243; column_padding=&#8221;2&#8243; title=&#8221;STOR TERRASSE, SEPARAT SOVERUM &amp; HAVUDSIGT&#8221; tab_id=&#8221;1630395637776-6-8&#8243;][vc_row_inner][vc_column_inner width=&#8221;1\/2&#8243;][vc_gallery el_id=&#8221;gallery-454203&#8243; type=&#8221;carousel&#8221; medias=&#8221;48242,48243,48241,48240,48244,48239,48237&#8243; carousel_lg=&#8221;1&#8243; carousel_md=&#8221;1&#8243; carousel_sm=&#8221;1&#8243; thumb_size=&#8221;three-two&#8221; gutter_size=&#8221;3&#8243; carousel_interval=&#8221;3000&#8243; carousel_navspeed=&#8221;400&#8243; stage_padding=&#8221;0&#8243; single_overlay_opacity=&#8221;50&#8243; single_padding=&#8221;2&#8243; uncode_shortcode_id=&#8221;123127&#8243;][\/vc_column_inner][vc_column_inner width=&#8221;1\/2&#8243;][vc_custom_heading text_font=&#8221;font-762333&#8243; text_size=&#8221;h3&#8243; text_weight=&#8221;700&#8243;]LEJLIGHED MED STOR TERRASSE, SEPARAT SOVERUM OG HAVUDSIGT[\/vc_custom_heading][vc_column_text]<\/p>\n<p class=\"p1\"><span class=\"s1\">Et perfekt sted for jer, som \u00f8nsker god plads under ferien samt adgang til eget k\u00f8kken med dertilh\u00f8rende faciliteter inkl. opvaskemaskine. Lejligheden har to separate sovev\u00e6relser, samt stor udvendig terrasse direkte til \u00d8sters\u00f8en. <\/span><span class=\"s1\">Lejligheden indeholder endvidere siddeplads, sofa, fri wifi og 40&#8243; full HD flatscreen. P\u00e5 badev\u00e6relset er l\u00e6kre produkter fra L:A Bruket.<\/span><\/p>\n<ul>\n<li>Havudsigt direkte mod \u00d8sters\u00f8en<\/li>\n<li>2 separate sovev\u00e6relser<\/li>\n<li>Stor terrasse ud til vandet<\/li>\n<li><span style=\"font-family: Hind;\">Gratis Wifi<\/span><\/li>\n<li><span style=\"font-family: Hind;\"><span style=\"font-family: Hind;\">Mulighed for tilvalg af morgenmadsbuffet med\u00a0<\/span><\/span>Bornholmske specialiteter<\/li>\n<li>Eget k\u00f8kken incl. opvaskemaskine<\/li>\n<\/ul>\n<p>[\/vc_column_text][\/vc_column_inner][\/vc_row_inner][\/vc_tab][\/vc_tabs][\/vc_column][\/vc_row][vc_row][vc_column column_width_percent=&#8221;100&#8243; align_horizontal=&#8221;align_center&#8221; gutter_size=&#8221;3&#8243; override_padding=&#8221;yes&#8221; column_padding=&#8221;5&#8243; overlay_alpha=&#8221;50&#8243; shift_x=&#8221;0&#8243; shift_y=&#8221;0&#8243; shift_y_down=&#8221;0&#8243; z_index=&#8221;0&#8243; medium_width=&#8221;0&#8243; mobile_width=&#8221;0&#8243; width=&#8221;1\/1&#8243;][vc_button radius=&#8221;btn-circle&#8221; outline=&#8221;yes&#8221; border_width=&#8221;0&#8243; link=&#8221;url:https%3A%2F%2Fhotelnordlandet.com%2Fda%2Fbooking%2F%23book-vaerelse|||&#8221;]BOOK LEJLIGHED[\/vc_button][\/vc_column][\/vc_row][vc_row][vc_column width=&#8221;1\/4&#8243;][\/vc_column][vc_column width=&#8221;1\/2&#8243;][vc_single_image media=&#8221;49740&#8243; media_width_percent=&#8221;100&#8243; alignment=&#8221;center&#8221; shape=&#8221;img-round&#8221; uncode_shortcode_id=&#8221;154974&#8243;][\/vc_column][vc_column width=&#8221;1\/4&#8243;][\/vc_column][\/vc_row][vc_row][vc_column width=&#8221;1\/1&#8243;][vc_separator sep_color=&#8221;&#8221; uncode_shortcode_id=&#8221;959762&#8243;][\/vc_column][\/vc_row]<\/p>\n<\/div>","protected":false},"excerpt":{"rendered":"<p>[vc_row row_height_percent=&#8221;0&#8243; overlay_alpha=&#8221;50&#8243; gutter_size=&#8221;3&#8243; column_width_percent=&#8221;100&#8243; shift_y=&#8221;0&#8243; z_index=&#8221;0&#8243;][vc_column column_width_percent=&#8221;100&#8243; position_horizontal=&#8221;left&#8221; gutter_size=&#8221;3&#8243; overlay_alpha=&#8221;50&#8243; shift_x=&#8221;0&#8243; shift_y=&#8221;0&#8243; shift_y_down=&#8221;0&#8243; z_index=&#8221;0&#8243; medium_width=&#8221;0&#8243; mobile_width=&#8221;0&#8243; width=&#8221;1\/1&#8243;][vc_tabs history=&#8221;yes&#8221;][vc_tab title=&#8221;SEPARAT [&hellip;]<\/p>\n","protected":false},"author":2,"featured_media":50153,"parent":0,"menu_order":0,"comment_status":"open","ping_status":"open","template":"","meta":{"footnotes":""},"class_list":["post-48635","page","type-page","status-publish","has-post-thumbnail","hentry"],"yoast_head":"<!-- This site is optimized with the Yoast SEO plugin v27.4 - https:\/\/yoast.com\/product\/yoast-seo-wordpress\/ -->\n<title>Lejligheder - Nordlandet<\/title>\n<meta name=\"description\" content=\"Book Bornholm hotel apartments with ease. Explore a wide range of self-catering stays with great amenities. Perfect for your island getaway. Find deals &amp; book now!\" \/>\n<meta name=\"robots\" content=\"index, follow, max-snippet:-1, max-image-preview:large, max-video-preview:-1\" \/>\n<link rel=\"canonical\" href=\"https:\/\/hotelnordlandet.com\/da\/apartments\/\" \/>\n<meta property=\"og:locale\" content=\"da_DK\" \/>\n<meta property=\"og:type\" content=\"article\" \/>\n<meta property=\"og:title\" content=\"Book Bornholm hotel apartments with ease\" \/>\n<meta property=\"og:description\" content=\"Book Bornholm hotel apartments with ease. Explore a wide range of self-catering stays with great amenities. Perfect for your island getaway. Find deals &amp; book now!\" \/>\n<meta property=\"og:url\" content=\"https:\/\/hotelnordlandet.com\/da\/apartments\/\" \/>\n<meta property=\"og:site_name\" content=\"Nordlandet\" \/>\n<meta property=\"article:publisher\" content=\"https:\/\/www.facebook.com\/hotelnordlandet\" \/>\n<meta property=\"article:modified_time\" content=\"2025-05-14T12:41:38+00:00\" \/>\n<meta property=\"og:image\" content=\"https:\/\/hotelnordlandet.com\/wp-content\/uploads\/2023\/06\/1S0A7159-1024x683.jpg\" \/>\n\t<meta property=\"og:image:width\" content=\"1024\" \/>\n\t<meta property=\"og:image:height\" content=\"683\" \/>\n\t<meta property=\"og:image:type\" content=\"image\/jpeg\" \/>\n<meta name=\"twitter:card\" content=\"summary_large_image\" \/>\n<meta name=\"twitter:label1\" content=\"Estimeret l\u00e6setid\" \/>\n\t<meta name=\"twitter:data1\" content=\"4 minutter\" \/>\n<script type=\"application\/ld+json\" class=\"yoast-schema-graph\">{\"@context\":\"https:\\\/\\\/schema.org\",\"@graph\":[{\"@type\":\"WebPage\",\"@id\":\"https:\\\/\\\/hotelnordlandet.com\\\/da\\\/apartments\\\/\",\"url\":\"https:\\\/\\\/hotelnordlandet.com\\\/da\\\/apartments\\\/\",\"name\":\"Lejligheder - Nordlandet\",\"isPartOf\":{\"@id\":\"https:\\\/\\\/hotelnordlandet.com\\\/da\\\/#website\"},\"primaryImageOfPage\":{\"@id\":\"https:\\\/\\\/hotelnordlandet.com\\\/da\\\/apartments\\\/#primaryimage\"},\"image\":{\"@id\":\"https:\\\/\\\/hotelnordlandet.com\\\/en\\\/apartments\\\/#primaryimage\"},\"thumbnailUrl\":\"https:\\\/\\\/hotelnordlandet.com\\\/wp-content\\\/uploads\\\/2023\\\/06\\\/1S0A6924.jpg\",\"datePublished\":\"2020-06-25T08:51:53+00:00\",\"dateModified\":\"2025-05-14T12:41:38+00:00\",\"description\":\"Book Bornholm hotel apartments with ease. Explore a wide range of self-catering stays with great amenities. Perfect for your island getaway. Find deals & book now!\",\"breadcrumb\":{\"@id\":\"https:\\\/\\\/hotelnordlandet.com\\\/da\\\/apartments\\\/#breadcrumb\"},\"inLanguage\":\"da-DK\",\"potentialAction\":[{\"@type\":\"ReadAction\",\"target\":[[\"https:\\\/\\\/hotelnordlandet.com\\\/da\\\/apartments\\\/\"]]}]},{\"@type\":\"ImageObject\",\"inLanguage\":\"da-DK\",\"@id\":\"https:\\\/\\\/hotelnordlandet.com\\\/da\\\/apartments\\\/#primaryimage\",\"url\":\"https:\\\/\\\/hotelnordlandet.com\\\/wp-content\\\/uploads\\\/2023\\\/06\\\/1S0A6924.jpg\",\"contentUrl\":\"https:\\\/\\\/hotelnordlandet.com\\\/wp-content\\\/uploads\\\/2023\\\/06\\\/1S0A6924.jpg\",\"width\":8192,\"height\":5464},{\"@type\":\"BreadcrumbList\",\"@id\":\"https:\\\/\\\/hotelnordlandet.com\\\/da\\\/apartments\\\/#breadcrumb\",\"itemListElement\":[{\"@type\":\"ListItem\",\"position\":1,\"name\":\"Home\",\"item\":\"https:\\\/\\\/hotelnordlandet.com\\\/da\\\/\"},{\"@type\":\"ListItem\",\"position\":2,\"name\":\"Apartments\"}]},{\"@type\":\"WebSite\",\"@id\":\"https:\\\/\\\/hotelnordlandet.com\\\/da\\\/#website\",\"url\":\"https:\\\/\\\/hotelnordlandet.com\\\/da\\\/\",\"name\":\"nordlandet\",\"description\":\"hotel nordlandet bornholm\",\"publisher\":{\"@id\":\"https:\\\/\\\/hotelnordlandet.com\\\/da\\\/#organization\"},\"potentialAction\":[{\"@type\":\"SearchAction\",\"target\":{\"@type\":\"EntryPoint\",\"urlTemplate\":\"https:\\\/\\\/hotelnordlandet.com\\\/da\\\/?s={search_term_string}\"},\"query-input\":{\"@type\":\"PropertyValueSpecification\",\"valueRequired\":true,\"valueName\":\"search_term_string\"}}],\"inLanguage\":\"da-DK\"},{\"@type\":\"Organization\",\"@id\":\"https:\\\/\\\/hotelnordlandet.com\\\/da\\\/#organization\",\"name\":\"nordlandet\",\"url\":\"https:\\\/\\\/hotelnordlandet.com\\\/da\\\/\",\"logo\":{\"@type\":\"ImageObject\",\"inLanguage\":\"da-DK\",\"@id\":\"https:\\\/\\\/hotelnordlandet.com\\\/da\\\/#\\\/schema\\\/logo\\\/image\\\/\",\"url\":\"https:\\\/\\\/hotelnordlandet.com\\\/wp-content\\\/uploads\\\/2016\\\/01\\\/U5A0610-e1529747423552.jpg\",\"contentUrl\":\"https:\\\/\\\/hotelnordlandet.com\\\/wp-content\\\/uploads\\\/2016\\\/01\\\/U5A0610-e1529747423552.jpg\",\"width\":632,\"height\":933,\"caption\":\"nordlandet\"},\"image\":{\"@id\":\"https:\\\/\\\/hotelnordlandet.com\\\/da\\\/#\\\/schema\\\/logo\\\/image\\\/\"},\"sameAs\":[\"https:\\\/\\\/www.facebook.com\\\/hotelnordlandet\"]}]}<\/script>\n<!-- \/ Yoast SEO plugin. -->","yoast_head_json":{"title":"Lejligheder - Nordlandet","description":"Book Bornholm hotel apartments with ease. Explore a wide range of self-catering stays with great amenities. Perfect for your island getaway. Find deals & book now!","robots":{"index":"index","follow":"follow","max-snippet":"max-snippet:-1","max-image-preview":"max-image-preview:large","max-video-preview":"max-video-preview:-1"},"canonical":"https:\/\/hotelnordlandet.com\/da\/apartments\/","og_locale":"da_DK","og_type":"article","og_title":"Book Bornholm hotel apartments with ease","og_description":"Book Bornholm hotel apartments with ease. Explore a wide range of self-catering stays with great amenities. Perfect for your island getaway. Find deals & book now!","og_url":"https:\/\/hotelnordlandet.com\/da\/apartments\/","og_site_name":"Nordlandet","article_publisher":"https:\/\/www.facebook.com\/hotelnordlandet","article_modified_time":"2025-05-14T12:41:38+00:00","og_image":[{"width":1024,"height":683,"url":"https:\/\/hotelnordlandet.com\/wp-content\/uploads\/2023\/06\/1S0A7159-1024x683.jpg","type":"image\/jpeg"}],"twitter_card":"summary_large_image","twitter_misc":{"Estimeret l\u00e6setid":"4 minutter"},"schema":{"@context":"https:\/\/schema.org","@graph":[{"@type":"WebPage","@id":"https:\/\/hotelnordlandet.com\/da\/apartments\/","url":"https:\/\/hotelnordlandet.com\/da\/apartments\/","name":"Lejligheder - Nordlandet","isPartOf":{"@id":"https:\/\/hotelnordlandet.com\/da\/#website"},"primaryImageOfPage":{"@id":"https:\/\/hotelnordlandet.com\/da\/apartments\/#primaryimage"},"image":{"@id":"https:\/\/hotelnordlandet.com\/en\/apartments\/#primaryimage"},"thumbnailUrl":"https:\/\/hotelnordlandet.com\/wp-content\/uploads\/2023\/06\/1S0A6924.jpg","datePublished":"2020-06-25T08:51:53+00:00","dateModified":"2025-05-14T12:41:38+00:00","description":"Book Bornholm hotel apartments with ease. Explore a wide range of self-catering stays with great amenities. Perfect for your island getaway. Find deals & book now!","breadcrumb":{"@id":"https:\/\/hotelnordlandet.com\/da\/apartments\/#breadcrumb"},"inLanguage":"da-DK","potentialAction":[{"@type":"ReadAction","target":[["https:\/\/hotelnordlandet.com\/da\/apartments\/"]]}]},{"@type":"ImageObject","inLanguage":"da-DK","@id":"https:\/\/hotelnordlandet.com\/da\/apartments\/#primaryimage","url":"https:\/\/hotelnordlandet.com\/wp-content\/uploads\/2023\/06\/1S0A6924.jpg","contentUrl":"https:\/\/hotelnordlandet.com\/wp-content\/uploads\/2023\/06\/1S0A6924.jpg","width":8192,"height":5464},{"@type":"BreadcrumbList","@id":"https:\/\/hotelnordlandet.com\/da\/apartments\/#breadcrumb","itemListElement":[{"@type":"ListItem","position":1,"name":"Home","item":"https:\/\/hotelnordlandet.com\/da\/"},{"@type":"ListItem","position":2,"name":"Apartments"}]},{"@type":"WebSite","@id":"https:\/\/hotelnordlandet.com\/da\/#website","url":"https:\/\/hotelnordlandet.com\/da\/","name":"nordlandet","description":"hotel nordlandet bornholm","publisher":{"@id":"https:\/\/hotelnordlandet.com\/da\/#organization"},"potentialAction":[{"@type":"SearchAction","target":{"@type":"EntryPoint","urlTemplate":"https:\/\/hotelnordlandet.com\/da\/?s={search_term_string}"},"query-input":{"@type":"PropertyValueSpecification","valueRequired":true,"valueName":"search_term_string"}}],"inLanguage":"da-DK"},{"@type":"Organization","@id":"https:\/\/hotelnordlandet.com\/da\/#organization","name":"nordlandet","url":"https:\/\/hotelnordlandet.com\/da\/","logo":{"@type":"ImageObject","inLanguage":"da-DK","@id":"https:\/\/hotelnordlandet.com\/da\/#\/schema\/logo\/image\/","url":"https:\/\/hotelnordlandet.com\/wp-content\/uploads\/2016\/01\/U5A0610-e1529747423552.jpg","contentUrl":"https:\/\/hotelnordlandet.com\/wp-content\/uploads\/2016\/01\/U5A0610-e1529747423552.jpg","width":632,"height":933,"caption":"nordlandet"},"image":{"@id":"https:\/\/hotelnordlandet.com\/da\/#\/schema\/logo\/image\/"},"sameAs":["https:\/\/www.facebook.com\/hotelnordlandet"]}]}},"_links":{"self":[{"href":"https:\/\/hotelnordlandet.com\/da\/wp-json\/wp\/v2\/pages\/48635","targetHints":{"allow":["GET"]}}],"collection":[{"href":"https:\/\/hotelnordlandet.com\/da\/wp-json\/wp\/v2\/pages"}],"about":[{"href":"https:\/\/hotelnordlandet.com\/da\/wp-json\/wp\/v2\/types\/page"}],"author":[{"embeddable":true,"href":"https:\/\/hotelnordlandet.com\/da\/wp-json\/wp\/v2\/users\/2"}],"replies":[{"embeddable":true,"href":"https:\/\/hotelnordlandet.com\/da\/wp-json\/wp\/v2\/comments?post=48635"}],"version-history":[{"count":126,"href":"https:\/\/hotelnordlandet.com\/da\/wp-json\/wp\/v2\/pages\/48635\/revisions"}],"predecessor-version":[{"id":50256,"href":"https:\/\/hotelnordlandet.com\/da\/wp-json\/wp\/v2\/pages\/48635\/revisions\/50256"}],"wp:featuredmedia":[{"embeddable":true,"href":"https:\/\/hotelnordlandet.com\/da\/wp-json\/wp\/v2\/media\/50153"}],"wp:attachment":[{"href":"https:\/\/hotelnordlandet.com\/da\/wp-json\/wp\/v2\/media?parent=48635"}],"curies":[{"name":"wp","href":"https:\/\/api.w.org\/{rel}","templated":true}]}}