{"id":48609,"date":"2020-06-25T08:44:23","date_gmt":"2020-06-25T07:44:23","guid":{"rendered":"https:\/\/hotelnordlandet.com\/?page_id=48609"},"modified":"2025-05-16T09:03:09","modified_gmt":"2025-05-16T08:03:09","slug":"rooms","status":"publish","type":"page","link":"https:\/\/hotelnordlandet.com\/da\/rooms\/","title":{"rendered":"V\u00e6relser"},"content":{"rendered":"<div class=\"wpb-content-wrapper\"><p>[vc_row row_height_percent=&#8221;0&#8243; override_padding=&#8221;yes&#8221; h_padding=&#8221;2&#8243; top_padding=&#8221;4&#8243; bottom_padding=&#8221;4&#8243; overlay_alpha=&#8221;50&#8243; equal_height=&#8221;yes&#8221; gutter_size=&#8221;4&#8243; column_width_percent=&#8221;100&#8243; border_color=&#8221;color-gyho&#8221; border_style=&#8221;solid&#8221; shift_y=&#8221;0&#8243; z_index=&#8221;0&#8243; css=&#8221;.vc_custom_1593078539849{border-bottom-width: 1px !important;}&#8221;][vc_column column_width_percent=&#8221;100&#8243; position_horizontal=&#8221;left&#8221; align_horizontal=&#8221;align_center&#8221; gutter_size=&#8221;4&#8243; overlay_alpha=&#8221;50&#8243; shift_x=&#8221;0&#8243; shift_y=&#8221;0&#8243; shift_y_down=&#8221;0&#8243; z_index=&#8221;0&#8243; medium_width=&#8221;0&#8243; mobile_width=&#8221;0&#8243; width=&#8221;1\/1&#8243;][vc_tabs][vc_tab title=&#8221;Superior, terrasse og havudsigt&#8221; tab_id=&#8221;1578999894252-6-2&#8243;][vc_row_inner][vc_column_inner width=&#8221;1\/2&#8243;][vc_gallery el_id=&#8221;gallery-167085&#8243; type=&#8221;carousel&#8221; medias=&#8221;48487,48485,48483,48481,48479,48484,48478&#8243; carousel_lg=&#8221;1&#8243; carousel_md=&#8221;1&#8243; carousel_sm=&#8221;1&#8243; thumb_size=&#8221;three-two&#8221; gutter_size=&#8221;3&#8243; carousel_interval=&#8221;3000&#8243; carousel_navspeed=&#8221;400&#8243; carousel_dots=&#8221;yes&#8221; carousel_dots_mobile=&#8221;yes&#8221; stage_padding=&#8221;0&#8243; single_overlay_opacity=&#8221;50&#8243; single_padding=&#8221;2&#8243; uncode_shortcode_id=&#8221;616878&#8243;][\/vc_column_inner][vc_column_inner column_width_percent=&#8221;100&#8243; gutter_size=&#8221;3&#8243; overlay_alpha=&#8221;50&#8243; shift_x=&#8221;0&#8243; shift_y=&#8221;0&#8243; z_index=&#8221;0&#8243; medium_width=&#8221;0&#8243; width=&#8221;1\/2&#8243;][vc_empty_space empty_h=&#8221;0&#8243;][vc_custom_heading text_font=&#8221;font-762333&#8243; text_size=&#8221;h3&#8243; text_weight=&#8221;700&#8243; sub_reduced=&#8221;yes&#8221;]SUPERIOR, TERRASSE OG HAVUDSIGT[\/vc_custom_heading][vc_column_text uncode_shortcode_id=&#8221;416901&#8243;]<\/p>\n<p class=\"p1\"><span class=\"s1\">Vores dobbeltv\u00e6relser afspejler vores ide om afslappet luksus og ro. V\u00e6relset har privat terrasse direkte ud til vandet, siddeplads, fri wifi og 40&#8243; full HD flat screen. Eget badev\u00e6relse med l\u00e6kre produkter fra L:A Bruket <\/span><\/p>\n<p><em>\u00a0<\/em><\/p>\n<ul>\n<li><span style=\"font-family: Hind;\">Havudsigt m. egen terrasse<br \/>\n<\/span><\/li>\n<li><span style=\"font-family: Hind;\">Gratis wifi<\/span><span style=\"font-family: Hind;\"><br \/>\n<\/span><\/li>\n<li><span style=\"font-family: Hind;\"><span style=\"font-family: Hind;\">Inklusive nordlandets morgenmad<br \/>\n<\/span><\/span><\/li>\n<\/ul>\n<p>[\/vc_column_text][\/vc_column_inner][\/vc_row_inner][\/vc_tab][vc_tab title=&#8221;Dobbeltv\u00e6relse, direkte havudsigt&#8221; tab_id=&#8221;1453201516-1-452dc-38b7&#8243;][vc_row_inner][vc_column_inner width=&#8221;1\/2&#8243;][vc_gallery el_id=&#8221;Gallery-Double&#8221; type=&#8221;carousel&#8221; medias=&#8221;48461,48010,48006,47541,48462,48460,48459,48458,48457,48456,48455,48454,48453,48452&#8243; carousel_lg=&#8221;1&#8243; carousel_md=&#8221;1&#8243; carousel_sm=&#8221;1&#8243; thumb_size=&#8221;three-two&#8221; gutter_size=&#8221;3&#8243; media_items=&#8221;media|nolink|original&#8221; carousel_interval=&#8221;3000&#8243; carousel_navspeed=&#8221;700&#8243; carousel_loop=&#8221;yes&#8221; carousel_nav_skin=&#8221;dark&#8221; carousel_dots=&#8221;yes&#8221; carousel_dots_mobile=&#8221;yes&#8221; stage_padding=&#8221;0&#8243; single_overlay_opacity=&#8221;1&#8243; single_padding=&#8221;2&#8243;][\/vc_column_inner][vc_column_inner width=&#8221;1\/2&#8243;][vc_custom_heading text_font=&#8221;font-762333&#8243; text_size=&#8221;h3&#8243; text_weight=&#8221;700&#8243; sub_reduced=&#8221;yes&#8221;]DOBBELTV\u00c6RELSE, DIREKTE HAVUDSIGT[\/vc_custom_heading][vc_column_text uncode_shortcode_id=&#8221;125319&#8243;]<\/p>\n<p class=\"p1\"><span class=\"s1\">Vores dobbeltv\u00e6relser afspejler vores ide om afslappet luksus og ro. V\u00e6relset har direkte havudsigt, siddeplads, fri wifi og 40&#8243; full HD flat screen. Eget badev\u00e6relse med l\u00e6kre produkter fra L:A Bruket <\/span><\/p>\n<p>&nbsp;<\/p>\n<ul>\n<li><span style=\"font-family: Hind;\">Direkte udsigt til \u00d8sters\u00f8en<br \/>\n<\/span><\/li>\n<li><span style=\"font-family: Hind;\">Gratis wifi og TV<\/span><span style=\"font-family: Hind;\"><br \/>\n<\/span><\/li>\n<li>Inklusive nordlandets morgenmad<\/li>\n<\/ul>\n<p>[\/vc_column_text][\/vc_column_inner][\/vc_row_inner][\/vc_tab][vc_tab title=&#8221;Superior, skr\u00e5 havudsigt&#8221; tab_id=&#8221;1453805651768-5-052dc-38b7&#8243;][vc_row_inner][vc_column_inner width=&#8221;1\/2&#8243;][vc_gallery el_id=&#8221;Gallery-Superior&#8221; type=&#8221;carousel&#8221; medias=&#8221;48472,48474,48473,48471,48468,48467,48465&#8243; carousel_lg=&#8221;1&#8243; carousel_md=&#8221;1&#8243; carousel_sm=&#8221;1&#8243; thumb_size=&#8221;three-two&#8221; gutter_size=&#8221;3&#8243; media_items=&#8221;media|nolink|original&#8221; carousel_interval=&#8221;3000&#8243; carousel_navspeed=&#8221;700&#8243; carousel_loop=&#8221;yes&#8221; carousel_dots=&#8221;yes&#8221; carousel_dots_mobile=&#8221;yes&#8221; stage_padding=&#8221;0&#8243; single_overlay_opacity=&#8221;1&#8243; single_padding=&#8221;2&#8243; uncode_shortcode_id=&#8221;115785&#8243;][\/vc_column_inner][vc_column_inner column_width_percent=&#8221;100&#8243; gutter_size=&#8221;3&#8243; overlay_alpha=&#8221;50&#8243; shift_x=&#8221;0&#8243; shift_y=&#8221;0&#8243; z_index=&#8221;0&#8243; medium_width=&#8221;0&#8243; width=&#8221;1\/2&#8243;][vc_empty_space empty_h=&#8221;0&#8243;][vc_custom_heading text_font=&#8221;font-762333&#8243; text_size=&#8221;h3&#8243; text_weight=&#8221;700&#8243;]SUPERIOR V\u00c6RELSE, SKR\u00c5 HAVUDSIGT[\/vc_custom_heading][vc_column_text uncode_shortcode_id=&#8221;126377&#8243;]<\/p>\n<p class=\"p1\"><span class=\"s1\">Disse v\u00e6relser har skr\u00e5 havudsigt udsigt til \u00d8ster\u00f8en. Indretningen afspejler her ligeledes vores id\u00e9 om afslappet luksus og ro. V\u00e6relset har siddeplads, fri wifi og 40&#8243; full HD flat screen. <\/span><span class=\"s1\">Superior-v\u00e6relserne har eget badev\u00e6relse med l\u00e6kre produkter fra L:A Bruket<\/span><\/p>\n<ul>\n<li class=\"p1\"><span style=\"font-family: Hind;\">Skr\u00e5 havudsigt mod \u00d8sters\u00f8en<\/span><\/li>\n<li class=\"p1\"><span style=\"font-family: Hind;\">Gratis wifi<\/span><span style=\"font-family: Hind;\"><br \/>\n<\/span><\/li>\n<li>Inklusive nordlandets morgenmad<\/li>\n<\/ul>\n<p>[\/vc_column_text][\/vc_column_inner][\/vc_row_inner][\/vc_tab][vc_tab gutter_size=&#8221;2&#8243; column_padding=&#8221;2&#8243; title=&#8221;Junior Suite&#8221; tab_id=&#8221;1453805726505-5-652dc-38b7&#8243;][vc_row_inner][vc_column_inner width=&#8221;1\/2&#8243;][vc_gallery el_id=&#8221;Gallery-Terrass&#8221; type=&#8221;carousel&#8221; medias=&#8221;48753,48754,48756,48757,48758,48815,48816,48817,48818,48819,48822,48823,48824,48826&#8243; carousel_lg=&#8221;1&#8243; carousel_md=&#8221;1&#8243; carousel_sm=&#8221;1&#8243; thumb_size=&#8221;three-two&#8221; gutter_size=&#8221;3&#8243; media_items=&#8221;media|nolink|original&#8221; carousel_interval=&#8221;3000&#8243; carousel_navspeed=&#8221;700&#8243; carousel_loop=&#8221;yes&#8221; carousel_dots=&#8221;yes&#8221; carousel_dots_mobile=&#8221;yes&#8221; stage_padding=&#8221;0&#8243; single_overlay_opacity=&#8221;1&#8243; single_padding=&#8221;2&#8243; uncode_shortcode_id=&#8221;139392&#8243;][\/vc_column_inner][vc_column_inner column_width_percent=&#8221;100&#8243; gutter_size=&#8221;3&#8243; overlay_alpha=&#8221;50&#8243; shift_x=&#8221;0&#8243; shift_y=&#8221;0&#8243; z_index=&#8221;0&#8243; medium_width=&#8221;0&#8243; width=&#8221;1\/2&#8243;][vc_empty_space empty_h=&#8221;0&#8243;][vc_custom_heading text_font=&#8221;font-762333&#8243; text_size=&#8221;h3&#8243; text_weight=&#8221;700&#8243;]JUNIOR SUITE[\/vc_custom_heading][vc_column_text uncode_shortcode_id=&#8221;134365&#8243;]<\/p>\n<p class=\"p1\"><span class=\"s1\">Vores junior suite har direkte adgang til egen privat terrasse med udsigt over havet og Hammerknuden. V\u00e6relset har blandt andet siddeplads, k\u00f8leskab, fri wifi og 55&#8243; full HD flat screen samt eget badev\u00e6relse med badekar og l\u00e6kre produkter fra L:A Bruket<\/span><\/p>\n<ul>\n<li>Privat terrasse<\/li>\n<li>K\u00f8kken, k\u00f8l og opvask<\/li>\n<li>Separat badev\u00e6relse og toilet<\/li>\n<li>Badekar og brus<\/li>\n<li><span style=\"font-family: Hind;\">Havudsigt direkte mod \u00d8sters\u00f8en<br \/>\n<\/span><\/li>\n<li><span style=\"font-family: Hind;\">Gratis Wifi<\/span><span style=\"font-family: Hind;\"><br \/>\n<\/span><\/li>\n<li>Inklusive nordlandets morgenmad<\/li>\n<\/ul>\n<p>[\/vc_column_text][\/vc_column_inner][\/vc_row_inner][\/vc_tab][vc_tab gutter_size=&#8221;2&#8243; column_padding=&#8221;2&#8243; title=&#8221;Superior, terrasse og skr\u00e5 havudsigt&#8221; tab_id=&#8221;1643282797621-5-3&#8243;][vc_row_inner][vc_column_inner width=&#8221;1\/2&#8243;][vc_gallery el_id=&#8221;Gallery-107556&#8243; type=&#8221;carousel&#8221; medias=&#8221;49730,49731,49732,49733,49734&#8243; carousel_lg=&#8221;1&#8243; carousel_md=&#8221;1&#8243; carousel_sm=&#8221;1&#8243; thumb_size=&#8221;three-two&#8221; gutter_size=&#8221;3&#8243; media_items=&#8221;media|nolink|original&#8221; carousel_interval=&#8221;3000&#8243; carousel_navspeed=&#8221;700&#8243; carousel_loop=&#8221;yes&#8221; carousel_dots=&#8221;yes&#8221; carousel_dots_mobile=&#8221;yes&#8221; stage_padding=&#8221;0&#8243; single_overlay_opacity=&#8221;1&#8243; single_padding=&#8221;2&#8243; uncode_shortcode_id=&#8221;197144&#8243;][\/vc_column_inner][vc_column_inner column_width_percent=&#8221;100&#8243; gutter_size=&#8221;3&#8243; overlay_alpha=&#8221;50&#8243; shift_x=&#8221;0&#8243; shift_y=&#8221;0&#8243; z_index=&#8221;0&#8243; medium_width=&#8221;0&#8243; width=&#8221;1\/2&#8243;][vc_empty_space empty_h=&#8221;0&#8243;][vc_custom_heading text_font=&#8221;font-762333&#8243; text_size=&#8221;h3&#8243; text_weight=&#8221;700&#8243;]SUPERIOR V\u00c6RELSE, SKR\u00c5 HAVUDSIGT[\/vc_custom_heading][vc_column_text uncode_shortcode_id=&#8221;556790&#8243;]<\/p>\n<p class=\"p1\"><span class=\"s1\">Dette v\u00e6relse har terrasse samt skr\u00e5 havudsigt udsigt til \u00d8ster\u00f8en, samt k\u00f8kken, k\u00f8l og opvask. <\/span><span class=\"s1\">Indretningen afspejler her ligeledes vores id\u00e9 om afslappet luksus og ro. V\u00e6relset har siddeplads, fri wifi og 55&#8243; full HD flat screen. V\u00e6relset<\/span><span class=\"s1\"> har eget badev\u00e6relse med l\u00e6kre produkter fra L:A Bruket<\/span><\/p>\n<ul>\n<li>Terrasse med havudsigt<\/li>\n<li class=\"p1\"><span style=\"font-family: Hind;\">Skr\u00e5 havudsigt mod \u00d8sters\u00f8en<\/span><\/li>\n<li class=\"p1\"><span style=\"font-family: Hind;\">Gratis wifi<\/span><span style=\"font-family: Hind;\"><br \/>\n<\/span><\/li>\n<li>Inklusive nordlandets morgenmad<\/li>\n<\/ul>\n<p>[\/vc_column_text][\/vc_column_inner][\/vc_row_inner][\/vc_tab][vc_tab title=&#8221;Familiev\u00e6relse, terrasse og havudsigt&#8221; tab_id=&#8221;1453805780706-6-552dc-38b7&#8243;][vc_row_inner][vc_column_inner width=&#8221;1\/2&#8243;][vc_gallery el_id=&#8221;gallery-240019&#8243; type=&#8221;carousel&#8221; medias=&#8221;48485,48481,48479,48480,48483,48482,48487,48006&#8243; carousel_lg=&#8221;1&#8243; carousel_md=&#8221;1&#8243; carousel_sm=&#8221;1&#8243; thumb_size=&#8221;three-two&#8221; gutter_size=&#8221;3&#8243; media_items=&#8221;media|nolink|original&#8221; carousel_interval=&#8221;3000&#8243; carousel_navspeed=&#8221;700&#8243; carousel_loop=&#8221;yes&#8221; carousel_dots=&#8221;yes&#8221; carousel_dots_mobile=&#8221;yes&#8221; stage_padding=&#8221;0&#8243; single_overlay_opacity=&#8221;1&#8243; single_padding=&#8221;2&#8243;][\/vc_column_inner][vc_column_inner column_width_percent=&#8221;100&#8243; gutter_size=&#8221;3&#8243; overlay_alpha=&#8221;50&#8243; shift_x=&#8221;0&#8243; shift_y=&#8221;0&#8243; z_index=&#8221;0&#8243; medium_width=&#8221;0&#8243; width=&#8221;1\/2&#8243;][vc_empty_space empty_h=&#8221;0&#8243;][vc_custom_heading text_font=&#8221;font-762333&#8243; text_size=&#8221;h3&#8243; text_weight=&#8221;700&#8243;]FAMILIEV\u00c6RELSE, TERRASSE OG HAVUDSIGT[\/vc_custom_heading][vc_column_text uncode_shortcode_id=&#8221;162948&#8243;]<\/p>\n<p class=\"p1\"><span class=\"s1\">Vores familiev\u00e6relse er indrettet med 2 soverum samt egen terrasse med direkte udsigt til \u00d8sters\u00f8en.<\/span><span class=\"s1\"> Indretningen afspejler ligeledes vores id\u00e9 om afslappet luksus og ro. V\u00e6relserne har siddeplads, 2 sovev\u00e6relser, fri wifi og 40&#8243; full HD flat screen. Eget badev\u00e6relse med l\u00e6kre produkter fra L:A Bruket. Et v\u00e6relse der er oplagt for familien med b\u00f8rn.\u00a0<\/span><\/p>\n<ul>\n<li>Havudsigt samt terrasse, direkte ud til vandet<\/li>\n<li><span style=\"font-family: Hind;\">Gratis Wifi<\/span><\/li>\n<li>2 separate sovev\u00e6relser<\/li>\n<li>Inklusive nordlandets morgenmad<\/li>\n<\/ul>\n<p>[\/vc_column_text][\/vc_column_inner][\/vc_row_inner][\/vc_tab][vc_tab gutter_size=&#8221;2&#8243; column_padding=&#8221;2&#8243; title=&#8221;Terrasse og havudsigt&#8221; tab_id=&#8221;1645016830436-6-9&#8243;][vc_row_inner][vc_column_inner width=&#8221;1\/2&#8243;][vc_gallery el_id=&#8221;Gallery-Apartment&#8221; type=&#8221;carousel&#8221; medias=&#8221;47450,47966,47967,47968,47970,47541&#8243; carousel_lg=&#8221;1&#8243; carousel_md=&#8221;1&#8243; carousel_sm=&#8221;1&#8243; thumb_size=&#8221;three-two&#8221; gutter_size=&#8221;3&#8243; media_items=&#8221;media|nolink|original&#8221; carousel_interval=&#8221;3000&#8243; carousel_navspeed=&#8221;700&#8243; carousel_loop=&#8221;yes&#8221; carousel_dots=&#8221;yes&#8221; carousel_dots_mobile=&#8221;yes&#8221; stage_padding=&#8221;0&#8243; single_overlay_opacity=&#8221;1&#8243; single_padding=&#8221;2&#8243;][\/vc_column_inner][vc_column_inner width=&#8221;1\/2&#8243;][vc_custom_heading text_font=&#8221;font-762333&#8243; text_size=&#8221;h3&#8243; text_weight=&#8221;700&#8243;]TERRASSE OG HAVUDSIGT[\/vc_custom_heading][vc_column_text uncode_shortcode_id=&#8221;142508&#8243;]<\/p>\n<p class=\"p1\"><span class=\"s1\">Et perfekt sted for jer, som \u00f8nsker god plads under ferien samt adgang til eget k\u00f8kken med dertilh\u00f8rende faciliteter inkl. opvaskemaskine. Lejligheden indeholder endvidere siddeplads, sofa, fri wifi, 40&#8243; full HD flatscreen og egen privat terrasse. P\u00e5 badev\u00e6relset er l\u00e6kre produkter fra L:A Bruket.<\/span><\/p>\n<ul>\n<li>Havudsigt direkte mod \u00d8sters\u00f8en<\/li>\n<li>Egen privat terrasse<\/li>\n<li><span style=\"font-family: Hind;\">Gratis Wifi<\/span><\/li>\n<li>Eget k\u00f8kken incl. opvaskemaskine<\/li>\n<li>Mulighed for tilvalg af nordlandets morgenmad<\/li>\n<li><\/li>\n<\/ul>\n<p>[\/vc_column_text][\/vc_column_inner][\/vc_row_inner][\/vc_tab][\/vc_tabs][\/vc_column][\/vc_row][vc_row row_height_percent=&#8221;0&#8243; overlay_alpha=&#8221;50&#8243; gutter_size=&#8221;2&#8243; column_width_percent=&#8221;100&#8243; shift_y=&#8221;0&#8243; z_index=&#8221;0&#8243; uncode_shortcode_id=&#8221;969560&#8243; shape_dividers=&#8221;&#8221;][vc_column column_width_percent=&#8221;100&#8243; align_horizontal=&#8221;align_center&#8221; gutter_size=&#8221;3&#8243; override_padding=&#8221;yes&#8221; column_padding=&#8221;5&#8243; overlay_alpha=&#8221;50&#8243; shift_x=&#8221;0&#8243; shift_y=&#8221;0&#8243; shift_y_down=&#8221;0&#8243; z_index=&#8221;0&#8243; medium_width=&#8221;0&#8243; mobile_width=&#8221;0&#8243; width=&#8221;1\/1&#8243;][vc_button radius=&#8221;btn-circle&#8221; outline=&#8221;yes&#8221; border_width=&#8221;0&#8243; link=&#8221;url:https%3A%2F%2Fhotelnordlandet.com%2Fda%2Fbooking%2F%23book-vaerelse|||&#8221;]BOOK V\u00c6RELSE[\/vc_button][\/vc_column][\/vc_row][vc_row][vc_column width=&#8221;1\/4&#8243;][\/vc_column][vc_column width=&#8221;1\/2&#8243;][vc_single_image media=&#8221;49740&#8243; media_width_percent=&#8221;100&#8243; uncode_shortcode_id=&#8221;209457&#8243;][\/vc_column][vc_column width=&#8221;1\/4&#8243;][\/vc_column][\/vc_row][vc_row][vc_column width=&#8221;1\/1&#8243;][vc_separator sep_color=&#8221;&#8221; uncode_shortcode_id=&#8221;242974&#8243;][\/vc_column][\/vc_row]<\/p>\n<\/div>","protected":false},"excerpt":{"rendered":"<p>[vc_row row_height_percent=&#8221;0&#8243; override_padding=&#8221;yes&#8221; h_padding=&#8221;2&#8243; top_padding=&#8221;4&#8243; bottom_padding=&#8221;4&#8243; overlay_alpha=&#8221;50&#8243; equal_height=&#8221;yes&#8221; gutter_size=&#8221;4&#8243; column_width_percent=&#8221;100&#8243; border_color=&#8221;color-gyho&#8221; border_style=&#8221;solid&#8221; shift_y=&#8221;0&#8243; z_index=&#8221;0&#8243; css=&#8221;.vc_custom_1593078539849{border-bottom-width: 1px !important;}&#8221;][vc_column column_width_percent=&#8221;100&#8243; position_horizontal=&#8221;left&#8221; align_horizontal=&#8221;align_center&#8221; [&hellip;]<\/p>\n","protected":false},"author":2,"featured_media":0,"parent":0,"menu_order":0,"comment_status":"open","ping_status":"closed","template":"","meta":{"footnotes":""},"class_list":["post-48609","page","type-page","status-publish","hentry"],"yoast_head":"<!-- This site is optimized with the Yoast SEO plugin v27.3 - https:\/\/yoast.com\/product\/yoast-seo-wordpress\/ -->\n<title>V\u00e6relser - Nordlandet<\/title>\n<meta name=\"description\" content=\"Book rooms in Allinge on Bornholm at hotel nordlandet. All with sea views &amp; Nordic style. Your perfect coastal escape awaits. View &amp; book!\" \/>\n<meta name=\"robots\" content=\"index, follow, max-snippet:-1, max-image-preview:large, max-video-preview:-1\" \/>\n<link rel=\"canonical\" href=\"https:\/\/hotelnordlandet.com\/da\/rooms\/\" \/>\n<meta property=\"og:locale\" content=\"da_DK\" \/>\n<meta property=\"og:type\" content=\"article\" \/>\n<meta property=\"og:title\" content=\"Book rooms in Allinge on Bornholm at boutique hotel nordlandet\" \/>\n<meta property=\"og:description\" content=\"Book rooms in Allinge on Bornholm at boutique hotel nordlandet. All with sea views &amp; Nordic style. Your perfect coastal escape awaits. View &amp; book!\" \/>\n<meta property=\"og:url\" content=\"https:\/\/hotelnordlandet.com\/da\/rooms\/\" \/>\n<meta property=\"og:site_name\" content=\"Nordlandet\" \/>\n<meta property=\"article:publisher\" content=\"https:\/\/www.facebook.com\/hotelnordlandet\" \/>\n<meta property=\"article:modified_time\" content=\"2025-05-16T08:03:09+00:00\" \/>\n<meta property=\"og:image\" content=\"https:\/\/hotelnordlandet.com\/wp-content\/uploads\/2022\/01\/4H0A9376-scaled.jpg\" \/>\n\t<meta property=\"og:image:width\" content=\"2560\" \/>\n\t<meta property=\"og:image:height\" content=\"1440\" \/>\n\t<meta property=\"og:image:type\" content=\"image\/jpeg\" \/>\n<meta name=\"twitter:card\" content=\"summary_large_image\" \/>\n<meta name=\"twitter:label1\" content=\"Estimeret l\u00e6setid\" \/>\n\t<meta name=\"twitter:data1\" content=\"4 minutter\" \/>\n<script type=\"application\/ld+json\" class=\"yoast-schema-graph\">{\"@context\":\"https:\\\/\\\/schema.org\",\"@graph\":[{\"@type\":\"WebPage\",\"@id\":\"https:\\\/\\\/hotelnordlandet.com\\\/da\\\/rooms\\\/\",\"url\":\"https:\\\/\\\/hotelnordlandet.com\\\/da\\\/rooms\\\/\",\"name\":\"V\u00e6relser - Nordlandet\",\"isPartOf\":{\"@id\":\"https:\\\/\\\/hotelnordlandet.com\\\/da\\\/#website\"},\"datePublished\":\"2020-06-25T07:44:23+00:00\",\"dateModified\":\"2025-05-16T08:03:09+00:00\",\"description\":\"Book rooms in Allinge on Bornholm at hotel nordlandet. All with sea views & Nordic style. Your perfect coastal escape awaits. View & book!\",\"breadcrumb\":{\"@id\":\"https:\\\/\\\/hotelnordlandet.com\\\/da\\\/rooms\\\/#breadcrumb\"},\"inLanguage\":\"da-DK\",\"potentialAction\":[{\"@type\":\"ReadAction\",\"target\":[[\"https:\\\/\\\/hotelnordlandet.com\\\/da\\\/rooms\\\/\"]]}]},{\"@type\":\"BreadcrumbList\",\"@id\":\"https:\\\/\\\/hotelnordlandet.com\\\/da\\\/rooms\\\/#breadcrumb\",\"itemListElement\":[{\"@type\":\"ListItem\",\"position\":1,\"name\":\"Home\",\"item\":\"https:\\\/\\\/hotelnordlandet.com\\\/da\\\/\"},{\"@type\":\"ListItem\",\"position\":2,\"name\":\"Rooms\"}]},{\"@type\":\"WebSite\",\"@id\":\"https:\\\/\\\/hotelnordlandet.com\\\/da\\\/#website\",\"url\":\"https:\\\/\\\/hotelnordlandet.com\\\/da\\\/\",\"name\":\"nordlandet\",\"description\":\"hotel nordlandet bornholm\",\"publisher\":{\"@id\":\"https:\\\/\\\/hotelnordlandet.com\\\/da\\\/#organization\"},\"potentialAction\":[{\"@type\":\"SearchAction\",\"target\":{\"@type\":\"EntryPoint\",\"urlTemplate\":\"https:\\\/\\\/hotelnordlandet.com\\\/da\\\/?s={search_term_string}\"},\"query-input\":{\"@type\":\"PropertyValueSpecification\",\"valueRequired\":true,\"valueName\":\"search_term_string\"}}],\"inLanguage\":\"da-DK\"},{\"@type\":\"Organization\",\"@id\":\"https:\\\/\\\/hotelnordlandet.com\\\/da\\\/#organization\",\"name\":\"nordlandet\",\"url\":\"https:\\\/\\\/hotelnordlandet.com\\\/da\\\/\",\"logo\":{\"@type\":\"ImageObject\",\"inLanguage\":\"da-DK\",\"@id\":\"https:\\\/\\\/hotelnordlandet.com\\\/da\\\/#\\\/schema\\\/logo\\\/image\\\/\",\"url\":\"https:\\\/\\\/hotelnordlandet.com\\\/wp-content\\\/uploads\\\/2016\\\/01\\\/U5A0610-e1529747423552.jpg\",\"contentUrl\":\"https:\\\/\\\/hotelnordlandet.com\\\/wp-content\\\/uploads\\\/2016\\\/01\\\/U5A0610-e1529747423552.jpg\",\"width\":632,\"height\":933,\"caption\":\"nordlandet\"},\"image\":{\"@id\":\"https:\\\/\\\/hotelnordlandet.com\\\/da\\\/#\\\/schema\\\/logo\\\/image\\\/\"},\"sameAs\":[\"https:\\\/\\\/www.facebook.com\\\/hotelnordlandet\"]}]}<\/script>\n<!-- \/ Yoast SEO plugin. -->","yoast_head_json":{"title":"V\u00e6relser - Nordlandet","description":"Book rooms in Allinge on Bornholm at hotel nordlandet. All with sea views & Nordic style. Your perfect coastal escape awaits. View & book!","robots":{"index":"index","follow":"follow","max-snippet":"max-snippet:-1","max-image-preview":"max-image-preview:large","max-video-preview":"max-video-preview:-1"},"canonical":"https:\/\/hotelnordlandet.com\/da\/rooms\/","og_locale":"da_DK","og_type":"article","og_title":"Book rooms in Allinge on Bornholm at boutique hotel nordlandet","og_description":"Book rooms in Allinge on Bornholm at boutique hotel nordlandet. All with sea views & Nordic style. Your perfect coastal escape awaits. View & book!","og_url":"https:\/\/hotelnordlandet.com\/da\/rooms\/","og_site_name":"Nordlandet","article_publisher":"https:\/\/www.facebook.com\/hotelnordlandet","article_modified_time":"2025-05-16T08:03:09+00:00","og_image":[{"width":2560,"height":1440,"url":"https:\/\/hotelnordlandet.com\/wp-content\/uploads\/2022\/01\/4H0A9376-scaled.jpg","type":"image\/jpeg"}],"twitter_card":"summary_large_image","twitter_misc":{"Estimeret l\u00e6setid":"4 minutter"},"schema":{"@context":"https:\/\/schema.org","@graph":[{"@type":"WebPage","@id":"https:\/\/hotelnordlandet.com\/da\/rooms\/","url":"https:\/\/hotelnordlandet.com\/da\/rooms\/","name":"V\u00e6relser - Nordlandet","isPartOf":{"@id":"https:\/\/hotelnordlandet.com\/da\/#website"},"datePublished":"2020-06-25T07:44:23+00:00","dateModified":"2025-05-16T08:03:09+00:00","description":"Book rooms in Allinge on Bornholm at hotel nordlandet. All with sea views & Nordic style. Your perfect coastal escape awaits. View & book!","breadcrumb":{"@id":"https:\/\/hotelnordlandet.com\/da\/rooms\/#breadcrumb"},"inLanguage":"da-DK","potentialAction":[{"@type":"ReadAction","target":[["https:\/\/hotelnordlandet.com\/da\/rooms\/"]]}]},{"@type":"BreadcrumbList","@id":"https:\/\/hotelnordlandet.com\/da\/rooms\/#breadcrumb","itemListElement":[{"@type":"ListItem","position":1,"name":"Home","item":"https:\/\/hotelnordlandet.com\/da\/"},{"@type":"ListItem","position":2,"name":"Rooms"}]},{"@type":"WebSite","@id":"https:\/\/hotelnordlandet.com\/da\/#website","url":"https:\/\/hotelnordlandet.com\/da\/","name":"nordlandet","description":"hotel nordlandet bornholm","publisher":{"@id":"https:\/\/hotelnordlandet.com\/da\/#organization"},"potentialAction":[{"@type":"SearchAction","target":{"@type":"EntryPoint","urlTemplate":"https:\/\/hotelnordlandet.com\/da\/?s={search_term_string}"},"query-input":{"@type":"PropertyValueSpecification","valueRequired":true,"valueName":"search_term_string"}}],"inLanguage":"da-DK"},{"@type":"Organization","@id":"https:\/\/hotelnordlandet.com\/da\/#organization","name":"nordlandet","url":"https:\/\/hotelnordlandet.com\/da\/","logo":{"@type":"ImageObject","inLanguage":"da-DK","@id":"https:\/\/hotelnordlandet.com\/da\/#\/schema\/logo\/image\/","url":"https:\/\/hotelnordlandet.com\/wp-content\/uploads\/2016\/01\/U5A0610-e1529747423552.jpg","contentUrl":"https:\/\/hotelnordlandet.com\/wp-content\/uploads\/2016\/01\/U5A0610-e1529747423552.jpg","width":632,"height":933,"caption":"nordlandet"},"image":{"@id":"https:\/\/hotelnordlandet.com\/da\/#\/schema\/logo\/image\/"},"sameAs":["https:\/\/www.facebook.com\/hotelnordlandet"]}]}},"_links":{"self":[{"href":"https:\/\/hotelnordlandet.com\/da\/wp-json\/wp\/v2\/pages\/48609","targetHints":{"allow":["GET"]}}],"collection":[{"href":"https:\/\/hotelnordlandet.com\/da\/wp-json\/wp\/v2\/pages"}],"about":[{"href":"https:\/\/hotelnordlandet.com\/da\/wp-json\/wp\/v2\/types\/page"}],"author":[{"embeddable":true,"href":"https:\/\/hotelnordlandet.com\/da\/wp-json\/wp\/v2\/users\/2"}],"replies":[{"embeddable":true,"href":"https:\/\/hotelnordlandet.com\/da\/wp-json\/wp\/v2\/comments?post=48609"}],"version-history":[{"count":67,"href":"https:\/\/hotelnordlandet.com\/da\/wp-json\/wp\/v2\/pages\/48609\/revisions"}],"predecessor-version":[{"id":50255,"href":"https:\/\/hotelnordlandet.com\/da\/wp-json\/wp\/v2\/pages\/48609\/revisions\/50255"}],"wp:attachment":[{"href":"https:\/\/hotelnordlandet.com\/da\/wp-json\/wp\/v2\/media?parent=48609"}],"curies":[{"name":"wp","href":"https:\/\/api.w.org\/{rel}","templated":true}]}}