{"id":48587,"date":"2020-06-23T21:17:17","date_gmt":"2020-06-23T20:17:17","guid":{"rendered":"https:\/\/hotelnordlandet.com\/?page_id=48587"},"modified":"2025-05-16T08:26:14","modified_gmt":"2025-05-16T07:26:14","slug":"room-or-apartment","status":"publish","type":"page","link":"https:\/\/hotelnordlandet.com\/da\/room-or-apartment\/","title":{"rendered":"V\u00e6relser &#038; lejligheder"},"content":{"rendered":"<div class=\"wpb-content-wrapper\"><p>[vc_row row_height_percent=&#8221;0&#8243; override_padding=&#8221;yes&#8221; h_padding=&#8221;7&#8243; top_padding=&#8221;7&#8243; bottom_padding=&#8221;7&#8243; overlay_alpha=&#8221;50&#8243; gutter_size=&#8221;3&#8243; column_width_percent=&#8221;100&#8243; shift_y=&#8221;0&#8243; z_index=&#8221;0&#8243;][vc_column width=&#8221;1\/1&#8243;][vc_row_inner row_inner_height_percent=&#8221;0&#8243; overlay_alpha=&#8221;50&#8243; gutter_size=&#8221;4&#8243; shift_y=&#8221;0&#8243; z_index=&#8221;0&#8243;][vc_column_inner column_width_percent=&#8221;100&#8243; align_horizontal=&#8221;align_right&#8221; gutter_size=&#8221;3&#8243; overlay_alpha=&#8221;50&#8243; shift_x=&#8221;0&#8243; shift_y=&#8221;0&#8243; shift_y_down=&#8221;0&#8243; z_index=&#8221;0&#8243; medium_width=&#8221;0&#8243; mobile_width=&#8221;0&#8243; width=&#8221;1\/2&#8243;][vc_custom_heading heading_semantic=&#8221;h1&#8243; text_size=&#8221;h1&#8243; text_weight=&#8221;700&#8243; text_transform=&#8221;uppercase&#8221; sub_lead=&#8221;yes&#8221; sub_reduced=&#8221;yes&#8221; subheading=&#8221;Bliv inspireret af udsigten til landskabet og havet i vores minimalistiske, nordisk inspirerede v\u00e6relser.&#8221; uncode_shortcode_id=&#8221;170039&#8243;]V\u00e6relser[\/vc_custom_heading][vc_single_image media=&#8221;49741&#8243; media_width_percent=&#8221;90&#8243; media_ratio=&#8221;sixteen-nine&#8221; alignment=&#8221;center&#8221; shape=&#8221;img-round&#8221; uncode_shortcode_id=&#8221;201540&#8243;][vc_button button_color=&#8221;accent&#8221; size=&#8221;btn-lg&#8221; radius=&#8221;btn-circle&#8221; wide=&#8221;yes&#8221; border_width=&#8221;0&#8243; link=&#8221;url:https%3A%2F%2Fhotelnordlandet.com%2Frooms%2F|title:V%C3%A6relser&#8221; button_color_type=&#8221;uncode-palette&#8221; uncode_shortcode_id=&#8221;148798&#8243;]SE VORES V\u00c6RELSER[\/vc_button][\/vc_column_inner][vc_column_inner column_width_percent=&#8221;100&#8243; align_horizontal=&#8221;align_right&#8221; gutter_size=&#8221;3&#8243; overlay_alpha=&#8221;50&#8243; shift_x=&#8221;0&#8243; shift_y=&#8221;0&#8243; shift_y_down=&#8221;0&#8243; z_index=&#8221;0&#8243; medium_width=&#8221;0&#8243; mobile_width=&#8221;0&#8243; width=&#8221;1\/2&#8243;][vc_custom_heading heading_semantic=&#8221;h1&#8243; text_size=&#8221;h1&#8243; text_weight=&#8221;700&#8243; text_transform=&#8221;uppercase&#8221; sub_lead=&#8221;yes&#8221; sub_reduced=&#8221;yes&#8221; subheading=&#8221;For jer som \u00f8nsker ekstra god plads under ferien samt adgang til eget k\u00f8kken og hotelfaciliteter.&#8221; uncode_shortcode_id=&#8221;179283&#8243;]Lejligheder[\/vc_custom_heading][vc_single_image media=&#8221;49739&#8243; media_width_percent=&#8221;90&#8243; media_ratio=&#8221;sixteen-nine&#8221; alignment=&#8221;center&#8221; shape=&#8221;img-round&#8221; uncode_shortcode_id=&#8221;189780&#8243;][vc_button button_color=&#8221;accent&#8221; size=&#8221;btn-lg&#8221; radius=&#8221;btn-circle&#8221; wide=&#8221;yes&#8221; border_width=&#8221;0&#8243; link=&#8221;url:https%3A%2F%2Fhotelnordlandet.com%2Fapartments%2F|title:V%C3%A6relser&#8221; button_color_type=&#8221;uncode-palette&#8221; uncode_shortcode_id=&#8221;194176&#8243;]SE VORES LEJLIGHEDER[\/vc_button][\/vc_column_inner][\/vc_row_inner][\/vc_column][\/vc_row]<\/p>\n<\/div>","protected":false},"excerpt":{"rendered":"<p>[vc_row row_height_percent=&#8221;0&#8243; override_padding=&#8221;yes&#8221; h_padding=&#8221;7&#8243; top_padding=&#8221;7&#8243; bottom_padding=&#8221;7&#8243; overlay_alpha=&#8221;50&#8243; gutter_size=&#8221;3&#8243; column_width_percent=&#8221;100&#8243; shift_y=&#8221;0&#8243; z_index=&#8221;0&#8243;][vc_column width=&#8221;1\/1&#8243;][vc_row_inner row_inner_height_percent=&#8221;0&#8243; overlay_alpha=&#8221;50&#8243; gutter_size=&#8221;4&#8243; shift_y=&#8221;0&#8243; z_index=&#8221;0&#8243;][vc_column_inner column_width_percent=&#8221;100&#8243; align_horizontal=&#8221;align_right&#8221; gutter_size=&#8221;3&#8243; [&hellip;]<\/p>\n","protected":false},"author":2,"featured_media":50155,"parent":0,"menu_order":0,"comment_status":"open","ping_status":"closed","template":"","meta":{"footnotes":""},"class_list":["post-48587","page","type-page","status-publish","has-post-thumbnail","hentry"],"yoast_head":"<!-- This site is optimized with the Yoast SEO plugin v27.4 - https:\/\/yoast.com\/product\/yoast-seo-wordpress\/ -->\n<title>V\u00e6relser &amp; lejligheder - Nordlandet<\/title>\n<meta name=\"description\" content=\"Hotel rooms &amp; apartment booking on Bornholm. Hotel rooms or apartments in Allinge. Book your Bornholm stay now!\" \/>\n<meta name=\"robots\" content=\"index, follow, max-snippet:-1, max-image-preview:large, max-video-preview:-1\" \/>\n<link rel=\"canonical\" href=\"https:\/\/hotelnordlandet.com\/da\/room-or-apartment\/\" \/>\n<meta property=\"og:locale\" content=\"da_DK\" \/>\n<meta property=\"og:type\" content=\"article\" \/>\n<meta property=\"og:title\" content=\"Book hotel og lejligheder p\u00e5 Bornholm\" \/>\n<meta property=\"og:description\" content=\"Boutiquehotel &amp; booking af lejligheder p\u00e5 Bornholm. V\u00e6relser &amp; lejligheder af h\u00f8j kvalitet i Allinge. Book dit Bornholmophold nu!\" \/>\n<meta property=\"og:url\" content=\"https:\/\/hotelnordlandet.com\/da\/room-or-apartment\/\" \/>\n<meta property=\"og:site_name\" content=\"Nordlandet\" \/>\n<meta property=\"article:publisher\" content=\"https:\/\/www.facebook.com\/hotelnordlandet\" \/>\n<meta property=\"article:modified_time\" content=\"2025-05-16T07:26:14+00:00\" \/>\n<meta property=\"og:image\" content=\"https:\/\/hotelnordlandet.com\/wp-content\/uploads\/2023\/06\/1S0A7159-1024x683.jpg\" \/>\n\t<meta property=\"og:image:width\" content=\"1024\" \/>\n\t<meta property=\"og:image:height\" content=\"683\" \/>\n\t<meta property=\"og:image:type\" content=\"image\/jpeg\" \/>\n<meta name=\"twitter:card\" content=\"summary_large_image\" \/>\n<meta name=\"twitter:label1\" content=\"Estimeret l\u00e6setid\" \/>\n\t<meta name=\"twitter:data1\" content=\"1 minut\" \/>\n<script type=\"application\/ld+json\" class=\"yoast-schema-graph\">{\"@context\":\"https:\\\/\\\/schema.org\",\"@graph\":[{\"@type\":\"WebPage\",\"@id\":\"https:\\\/\\\/hotelnordlandet.com\\\/da\\\/room-or-apartment\\\/\",\"url\":\"https:\\\/\\\/hotelnordlandet.com\\\/da\\\/room-or-apartment\\\/\",\"name\":\"V\u00e6relser & lejligheder - Nordlandet\",\"isPartOf\":{\"@id\":\"https:\\\/\\\/hotelnordlandet.com\\\/da\\\/#website\"},\"primaryImageOfPage\":{\"@id\":\"https:\\\/\\\/hotelnordlandet.com\\\/da\\\/room-or-apartment\\\/#primaryimage\"},\"image\":{\"@id\":\"https:\\\/\\\/hotelnordlandet.com\\\/en\\\/room-or-apartment\\\/#primaryimage\"},\"thumbnailUrl\":\"https:\\\/\\\/hotelnordlandet.com\\\/wp-content\\\/uploads\\\/2023\\\/06\\\/1S0A7159.jpg\",\"datePublished\":\"2020-06-23T20:17:17+00:00\",\"dateModified\":\"2025-05-16T07:26:14+00:00\",\"description\":\"Hotel rooms & apartment booking on Bornholm. Hotel rooms or apartments in Allinge. Book your Bornholm stay now!\",\"breadcrumb\":{\"@id\":\"https:\\\/\\\/hotelnordlandet.com\\\/da\\\/room-or-apartment\\\/#breadcrumb\"},\"inLanguage\":\"da-DK\",\"potentialAction\":[{\"@type\":\"ReadAction\",\"target\":[[\"https:\\\/\\\/hotelnordlandet.com\\\/da\\\/room-or-apartment\\\/\"]]}]},{\"@type\":\"ImageObject\",\"inLanguage\":\"da-DK\",\"@id\":\"https:\\\/\\\/hotelnordlandet.com\\\/da\\\/room-or-apartment\\\/#primaryimage\",\"url\":\"https:\\\/\\\/hotelnordlandet.com\\\/wp-content\\\/uploads\\\/2023\\\/06\\\/1S0A7159.jpg\",\"contentUrl\":\"https:\\\/\\\/hotelnordlandet.com\\\/wp-content\\\/uploads\\\/2023\\\/06\\\/1S0A7159.jpg\",\"width\":7976,\"height\":5320},{\"@type\":\"BreadcrumbList\",\"@id\":\"https:\\\/\\\/hotelnordlandet.com\\\/da\\\/room-or-apartment\\\/#breadcrumb\",\"itemListElement\":[{\"@type\":\"ListItem\",\"position\":1,\"name\":\"Home\",\"item\":\"https:\\\/\\\/hotelnordlandet.com\\\/da\\\/\"},{\"@type\":\"ListItem\",\"position\":2,\"name\":\"Room or Apartment\"}]},{\"@type\":\"WebSite\",\"@id\":\"https:\\\/\\\/hotelnordlandet.com\\\/da\\\/#website\",\"url\":\"https:\\\/\\\/hotelnordlandet.com\\\/da\\\/\",\"name\":\"nordlandet\",\"description\":\"hotel nordlandet bornholm\",\"publisher\":{\"@id\":\"https:\\\/\\\/hotelnordlandet.com\\\/da\\\/#organization\"},\"potentialAction\":[{\"@type\":\"SearchAction\",\"target\":{\"@type\":\"EntryPoint\",\"urlTemplate\":\"https:\\\/\\\/hotelnordlandet.com\\\/da\\\/?s={search_term_string}\"},\"query-input\":{\"@type\":\"PropertyValueSpecification\",\"valueRequired\":true,\"valueName\":\"search_term_string\"}}],\"inLanguage\":\"da-DK\"},{\"@type\":\"Organization\",\"@id\":\"https:\\\/\\\/hotelnordlandet.com\\\/da\\\/#organization\",\"name\":\"nordlandet\",\"url\":\"https:\\\/\\\/hotelnordlandet.com\\\/da\\\/\",\"logo\":{\"@type\":\"ImageObject\",\"inLanguage\":\"da-DK\",\"@id\":\"https:\\\/\\\/hotelnordlandet.com\\\/da\\\/#\\\/schema\\\/logo\\\/image\\\/\",\"url\":\"https:\\\/\\\/hotelnordlandet.com\\\/wp-content\\\/uploads\\\/2016\\\/01\\\/U5A0610-e1529747423552.jpg\",\"contentUrl\":\"https:\\\/\\\/hotelnordlandet.com\\\/wp-content\\\/uploads\\\/2016\\\/01\\\/U5A0610-e1529747423552.jpg\",\"width\":632,\"height\":933,\"caption\":\"nordlandet\"},\"image\":{\"@id\":\"https:\\\/\\\/hotelnordlandet.com\\\/da\\\/#\\\/schema\\\/logo\\\/image\\\/\"},\"sameAs\":[\"https:\\\/\\\/www.facebook.com\\\/hotelnordlandet\"]}]}<\/script>\n<!-- \/ Yoast SEO plugin. -->","yoast_head_json":{"title":"V\u00e6relser & lejligheder - Nordlandet","description":"Hotel rooms & apartment booking on Bornholm. Hotel rooms or apartments in Allinge. Book your Bornholm stay now!","robots":{"index":"index","follow":"follow","max-snippet":"max-snippet:-1","max-image-preview":"max-image-preview:large","max-video-preview":"max-video-preview:-1"},"canonical":"https:\/\/hotelnordlandet.com\/da\/room-or-apartment\/","og_locale":"da_DK","og_type":"article","og_title":"Book hotel og lejligheder p\u00e5 Bornholm","og_description":"Boutiquehotel & booking af lejligheder p\u00e5 Bornholm. V\u00e6relser & lejligheder af h\u00f8j kvalitet i Allinge. Book dit Bornholmophold nu!","og_url":"https:\/\/hotelnordlandet.com\/da\/room-or-apartment\/","og_site_name":"Nordlandet","article_publisher":"https:\/\/www.facebook.com\/hotelnordlandet","article_modified_time":"2025-05-16T07:26:14+00:00","og_image":[{"width":1024,"height":683,"url":"https:\/\/hotelnordlandet.com\/wp-content\/uploads\/2023\/06\/1S0A7159-1024x683.jpg","type":"image\/jpeg"}],"twitter_card":"summary_large_image","twitter_misc":{"Estimeret l\u00e6setid":"1 minut"},"schema":{"@context":"https:\/\/schema.org","@graph":[{"@type":"WebPage","@id":"https:\/\/hotelnordlandet.com\/da\/room-or-apartment\/","url":"https:\/\/hotelnordlandet.com\/da\/room-or-apartment\/","name":"V\u00e6relser & lejligheder - Nordlandet","isPartOf":{"@id":"https:\/\/hotelnordlandet.com\/da\/#website"},"primaryImageOfPage":{"@id":"https:\/\/hotelnordlandet.com\/da\/room-or-apartment\/#primaryimage"},"image":{"@id":"https:\/\/hotelnordlandet.com\/en\/room-or-apartment\/#primaryimage"},"thumbnailUrl":"https:\/\/hotelnordlandet.com\/wp-content\/uploads\/2023\/06\/1S0A7159.jpg","datePublished":"2020-06-23T20:17:17+00:00","dateModified":"2025-05-16T07:26:14+00:00","description":"Hotel rooms & apartment booking on Bornholm. Hotel rooms or apartments in Allinge. Book your Bornholm stay now!","breadcrumb":{"@id":"https:\/\/hotelnordlandet.com\/da\/room-or-apartment\/#breadcrumb"},"inLanguage":"da-DK","potentialAction":[{"@type":"ReadAction","target":[["https:\/\/hotelnordlandet.com\/da\/room-or-apartment\/"]]}]},{"@type":"ImageObject","inLanguage":"da-DK","@id":"https:\/\/hotelnordlandet.com\/da\/room-or-apartment\/#primaryimage","url":"https:\/\/hotelnordlandet.com\/wp-content\/uploads\/2023\/06\/1S0A7159.jpg","contentUrl":"https:\/\/hotelnordlandet.com\/wp-content\/uploads\/2023\/06\/1S0A7159.jpg","width":7976,"height":5320},{"@type":"BreadcrumbList","@id":"https:\/\/hotelnordlandet.com\/da\/room-or-apartment\/#breadcrumb","itemListElement":[{"@type":"ListItem","position":1,"name":"Home","item":"https:\/\/hotelnordlandet.com\/da\/"},{"@type":"ListItem","position":2,"name":"Room or Apartment"}]},{"@type":"WebSite","@id":"https:\/\/hotelnordlandet.com\/da\/#website","url":"https:\/\/hotelnordlandet.com\/da\/","name":"nordlandet","description":"hotel nordlandet bornholm","publisher":{"@id":"https:\/\/hotelnordlandet.com\/da\/#organization"},"potentialAction":[{"@type":"SearchAction","target":{"@type":"EntryPoint","urlTemplate":"https:\/\/hotelnordlandet.com\/da\/?s={search_term_string}"},"query-input":{"@type":"PropertyValueSpecification","valueRequired":true,"valueName":"search_term_string"}}],"inLanguage":"da-DK"},{"@type":"Organization","@id":"https:\/\/hotelnordlandet.com\/da\/#organization","name":"nordlandet","url":"https:\/\/hotelnordlandet.com\/da\/","logo":{"@type":"ImageObject","inLanguage":"da-DK","@id":"https:\/\/hotelnordlandet.com\/da\/#\/schema\/logo\/image\/","url":"https:\/\/hotelnordlandet.com\/wp-content\/uploads\/2016\/01\/U5A0610-e1529747423552.jpg","contentUrl":"https:\/\/hotelnordlandet.com\/wp-content\/uploads\/2016\/01\/U5A0610-e1529747423552.jpg","width":632,"height":933,"caption":"nordlandet"},"image":{"@id":"https:\/\/hotelnordlandet.com\/da\/#\/schema\/logo\/image\/"},"sameAs":["https:\/\/www.facebook.com\/hotelnordlandet"]}]}},"_links":{"self":[{"href":"https:\/\/hotelnordlandet.com\/da\/wp-json\/wp\/v2\/pages\/48587","targetHints":{"allow":["GET"]}}],"collection":[{"href":"https:\/\/hotelnordlandet.com\/da\/wp-json\/wp\/v2\/pages"}],"about":[{"href":"https:\/\/hotelnordlandet.com\/da\/wp-json\/wp\/v2\/types\/page"}],"author":[{"embeddable":true,"href":"https:\/\/hotelnordlandet.com\/da\/wp-json\/wp\/v2\/users\/2"}],"replies":[{"embeddable":true,"href":"https:\/\/hotelnordlandet.com\/da\/wp-json\/wp\/v2\/comments?post=48587"}],"version-history":[{"count":87,"href":"https:\/\/hotelnordlandet.com\/da\/wp-json\/wp\/v2\/pages\/48587\/revisions"}],"predecessor-version":[{"id":50673,"href":"https:\/\/hotelnordlandet.com\/da\/wp-json\/wp\/v2\/pages\/48587\/revisions\/50673"}],"wp:featuredmedia":[{"embeddable":true,"href":"https:\/\/hotelnordlandet.com\/da\/wp-json\/wp\/v2\/media\/50155"}],"wp:attachment":[{"href":"https:\/\/hotelnordlandet.com\/da\/wp-json\/wp\/v2\/media?parent=48587"}],"curies":[{"name":"wp","href":"https:\/\/api.w.org\/{rel}","templated":true}]}}