{"id":48567,"date":"2020-06-23T18:34:50","date_gmt":"2020-06-23T17:34:50","guid":{"rendered":"https:\/\/hotelnordlandet.com\/?page_id=48567"},"modified":"2023-12-17T22:22:41","modified_gmt":"2023-12-17T21:22:41","slug":"betingelser","status":"publish","type":"page","link":"https:\/\/hotelnordlandet.com\/da\/betingelser\/","title":{"rendered":"Betingelser"},"content":{"rendered":"<div class=\"wpb-content-wrapper\"><p>[vc_row row_height_percent=&#8221;0&#8243; override_padding=&#8221;yes&#8221; h_padding=&#8221;2&#8243; top_padding=&#8221;5&#8243; bottom_padding=&#8221;5&#8243; overlay_alpha=&#8221;0&#8243; equal_height=&#8221;yes&#8221; gutter_size=&#8221;3&#8243; column_width_percent=&#8221;100&#8243; shift_y=&#8221;0&#8243; z_index=&#8221;0&#8243; bottom_divider=&#8221;gradient&#8221; el_class=&#8221;row-letaral section-lateral row-horizontal-display overflow-hidden shape-bg additions&#8221;][vc_column column_width_use_pixel=&#8221;yes&#8221; position_vertical=&#8221;middle&#8221; align_horizontal=&#8221;align_center&#8221; gutter_size=&#8221;3&#8243; overlay_alpha=&#8221;50&#8243; shift_x=&#8221;0&#8243; shift_y=&#8221;0&#8243; shift_y_down=&#8221;0&#8243; z_index=&#8221;0&#8243; medium_width=&#8221;0&#8243; mobile_width=&#8221;0&#8243; width=&#8221;1\/1&#8243;][vc_row_inner row_inner_height_percent=&#8221;0&#8243; overlay_alpha=&#8221;50&#8243; gutter_size=&#8221;3&#8243; shift_y=&#8221;0&#8243; z_index=&#8221;0&#8243;][vc_column_inner column_width_use_pixel=&#8221;yes&#8221; align_horizontal=&#8221;align_center&#8221; gutter_size=&#8221;2&#8243; overlay_alpha=&#8221;50&#8243; shift_x=&#8221;0&#8243; shift_y=&#8221;0&#8243; shift_y_down=&#8221;0&#8243; z_index=&#8221;0&#8243; medium_width=&#8221;0&#8243; mobile_width=&#8221;0&#8243; width=&#8221;1\/1&#8243; column_width_pixel=&#8221;800&#8243;][vc_custom_heading heading_semantic=&#8221;h3&#8243; text_size=&#8221;h1&#8243;]Betingelser[\/vc_custom_heading][vc_column_text text_lead=&#8221;yes&#8221;]Hvis der er yderligere sp\u00f8rgsm\u00e5l kan vi kontaktes <a href=\"https:\/\/hotelnordlandet.com\/contact\/\">her<\/a>.[\/vc_column_text][\/vc_column_inner][\/vc_row_inner][vc_empty_space empty_h=&#8221;2&#8243;][vc_row_inner row_inner_height_percent=&#8221;0&#8243; overlay_alpha=&#8221;100&#8243; gutter_size=&#8221;4&#8243; shift_y=&#8221;0&#8243; z_index=&#8221;0&#8243;][vc_column_inner column_width_percent=&#8221;100&#8243; gutter_size=&#8221;3&#8243; overlay_alpha=&#8221;100&#8243; shift_x=&#8221;0&#8243; shift_y=&#8221;0&#8243; z_index=&#8221;0&#8243; medium_width=&#8221;2&#8243; align_mobile=&#8221;align_center_mobile&#8221; mobile_width=&#8221;0&#8243; zoom_width=&#8221;0&#8243; zoom_height=&#8221;0&#8243; width=&#8221;1\/3&#8243;][vc_custom_heading heading_semantic=&#8221;h3&#8243; text_size=&#8221;h4&#8243; sub_reduced=&#8221;yes&#8221; subheading=&#8221;Er muligt fra klokken 15:00&#8243;]Check ind[\/vc_custom_heading][vc_custom_heading heading_semantic=&#8221;h3&#8243; text_size=&#8221;h4&#8243; sub_reduced=&#8221;yes&#8221; subheading=&#8221;P\u00e5 afrejsedagen seneste klokken 11:00&#8243;]Check ud[\/vc_custom_heading][vc_custom_heading heading_semantic=&#8221;h3&#8243; text_size=&#8221;h4&#8243; sub_reduced=&#8221;yes&#8221; subheading=&#8221;Kan medbringes gratis&#8221;]B\u00f8rn mellem 0 &#8211; 3 \u00e5r[\/vc_custom_heading][vc_custom_heading heading_semantic=&#8221;h3&#8243; text_size=&#8221;h4&#8243; sub_reduced=&#8221;yes&#8221; subheading=&#8221;Er ikke tilladt p\u00e5 hotellet.&#8221;]Dyr[\/vc_custom_heading][vc_custom_heading heading_semantic=&#8221;h3&#8243; text_size=&#8221;h4&#8243; sub_reduced=&#8221;yes&#8221; subheading=&#8221;Er ikke tilladt p\u00e5 hotellet&#8221;]Rygning[\/vc_custom_heading][\/vc_column_inner][vc_column_inner column_width_percent=&#8221;100&#8243; gutter_size=&#8221;3&#8243; overlay_alpha=&#8221;100&#8243; shift_x=&#8221;0&#8243; shift_y=&#8221;0&#8243; z_index=&#8221;0&#8243; medium_width=&#8221;2&#8243; align_mobile=&#8221;align_center_mobile&#8221; mobile_width=&#8221;0&#8243; zoom_width=&#8221;0&#8243; zoom_height=&#8221;0&#8243; width=&#8221;1\/3&#8243;][vc_custom_heading heading_semantic=&#8221;h3&#8243; text_size=&#8221;h4&#8243; sub_reduced=&#8221;yes&#8221;]Afbestillingsregler[\/vc_custom_heading][uncode_list uncode_shortcode_id=&#8221;119635&#8243;]<\/p>\n<ul>\n<li>Mellem 30 og 14 dage f\u00f8r ankomst &#8211; 50% af ophold<\/li>\n<li>Mellem 14 og 3 dag f\u00f8r ankomst &#8211; 70% af ophold<\/li>\n<li>3 dage f\u00f8r eller no-show &#8211; 100% af ophold<\/li>\n<\/ul>\n<p>[\/uncode_list][vc_column_text uncode_shortcode_id=&#8221;684168&#8243;]<em>\u00d8nsker g\u00e6sten at afkorte sit ophold efter at opholdet er p\u00e5begyndt, betales det fulde ophold medmindre at det er muligt at genudleje enheden.<\/em><\/p>\n<p><em>nordlandet kan desv\u00e6rre ikke tage h\u00f8jde for forhindringer vedr. transport (f\u00e6rger, fly etc.) &#8211; her m\u00e5 vi henvise til afbestillingsreglerne.<\/em><\/p>\n<p><i><\/i><strong>Afbestilling er kun muligt ved at skrive til os p\u00e5 <a href=\"mailto:info@nordlandet.dk\">info@nordlandet.dk<\/a><\/strong>[\/vc_column_text][\/vc_column_inner][vc_column_inner column_width_percent=&#8221;100&#8243; gutter_size=&#8221;3&#8243; overlay_alpha=&#8221;100&#8243; shift_x=&#8221;0&#8243; shift_y=&#8221;0&#8243; z_index=&#8221;0&#8243; medium_width=&#8221;2&#8243; align_mobile=&#8221;align_center_mobile&#8221; mobile_width=&#8221;0&#8243; zoom_width=&#8221;0&#8243; zoom_height=&#8221;0&#8243; width=&#8221;1\/3&#8243;][vc_custom_heading heading_semantic=&#8221;h3&#8243; text_size=&#8221;h4&#8243; uncode_shortcode_id=&#8221;793783&#8243;]Ved at oplyse din e-mail-adresse accepterer du[\/vc_custom_heading][uncode_list uncode_shortcode_id=&#8221;127284&#8243;]<\/p>\n<ul>\n<li>At modtage e-mail nyhedsbreve og marketingkommunikation fra nordlandet.<\/li>\n<li>At modtag e-mails om vores produkter, tjenester, kampagner og begivenheder.<\/li>\n<\/ul>\n<p>[\/uncode_list][vc_column_text uncode_shortcode_id=&#8221;791882&#8243;]Du kan til enhver tid afmelde vores e-mails ved at klikke p\u00e5 linket &#8220;afmeld&#8221; nederst i enhver e-mail.<\/p>\n<p>Vi vil ikke s\u00e6lge eller udleje din e-mailadresse til nogen tredjepart.<\/p>\n<p>Vi vil kun bruge din e-mailadresse til markedsf\u00f8ringsform\u00e5l og vil ikke sende dig spam.[\/vc_column_text][\/vc_column_inner][\/vc_row_inner][vc_empty_space empty_h=&#8221;2&#8243;][vc_button button_color=&#8221;accent&#8221; border_width=&#8221;0&#8243; link=&#8221;url:https%3A%2F%2Fhotelnordlandet.com%2Fcontact%2F|title:Contact||&#8221;]Kontakt os[\/vc_button][\/vc_column][\/vc_row]<\/p>\n<\/div>","protected":false},"excerpt":{"rendered":"<p>[vc_row row_height_percent=&#8221;0&#8243; override_padding=&#8221;yes&#8221; h_padding=&#8221;2&#8243; top_padding=&#8221;5&#8243; bottom_padding=&#8221;5&#8243; overlay_alpha=&#8221;0&#8243; equal_height=&#8221;yes&#8221; gutter_size=&#8221;3&#8243; column_width_percent=&#8221;100&#8243; shift_y=&#8221;0&#8243; z_index=&#8221;0&#8243; bottom_divider=&#8221;gradient&#8221; el_class=&#8221;row-letaral section-lateral row-horizontal-display overflow-hidden shape-bg additions&#8221;][vc_column column_width_use_pixel=&#8221;yes&#8221; [&hellip;]<\/p>\n","protected":false},"author":2,"featured_media":0,"parent":0,"menu_order":0,"comment_status":"closed","ping_status":"closed","template":"","meta":{"footnotes":""},"class_list":["post-48567","page","type-page","status-publish","hentry"],"yoast_head":"<!-- This site is optimized with the Yoast SEO plugin v27.4 - https:\/\/yoast.com\/product\/yoast-seo-wordpress\/ -->\n<title>Betingelser - Nordlandet<\/title>\n<meta name=\"robots\" content=\"index, follow, max-snippet:-1, max-image-preview:large, max-video-preview:-1\" \/>\n<link rel=\"canonical\" href=\"https:\/\/hotelnordlandet.com\/da\/terms\/\" \/>\n<meta property=\"og:locale\" content=\"da_DK\" \/>\n<meta property=\"og:type\" content=\"article\" \/>\n<meta property=\"og:title\" content=\"Betingelser - Nordlandet\" \/>\n<meta property=\"og:description\" content=\"[vc_row row_height_percent=&#8221;0&#8243; override_padding=&#8221;yes&#8221; h_padding=&#8221;2&#8243; top_padding=&#8221;5&#8243; bottom_padding=&#8221;5&#8243; overlay_alpha=&#8221;0&#8243; equal_height=&#8221;yes&#8221; gutter_size=&#8221;3&#8243; column_width_percent=&#8221;100&#8243; shift_y=&#8221;0&#8243; z_index=&#8221;0&#8243; bottom_divider=&#8221;gradient&#8221; el_class=&#8221;row-letaral section-lateral row-horizontal-display overflow-hidden shape-bg additions&#8221;][vc_column column_width_use_pixel=&#8221;yes&#8221; [&hellip;]\" \/>\n<meta property=\"og:url\" content=\"https:\/\/hotelnordlandet.com\/da\/terms\/\" \/>\n<meta property=\"og:site_name\" content=\"Nordlandet\" \/>\n<meta property=\"article:publisher\" content=\"https:\/\/www.facebook.com\/hotelnordlandet\" \/>\n<meta property=\"article:modified_time\" content=\"2023-12-17T21:22:41+00:00\" \/>\n<meta name=\"twitter:card\" content=\"summary_large_image\" \/>\n<meta name=\"twitter:label1\" content=\"Estimeret l\u00e6setid\" \/>\n\t<meta name=\"twitter:data1\" content=\"6 minutter\" \/>\n<script type=\"application\/ld+json\" class=\"yoast-schema-graph\">{\"@context\":\"https:\\\/\\\/schema.org\",\"@graph\":[{\"@type\":\"WebPage\",\"@id\":\"https:\\\/\\\/hotelnordlandet.com\\\/da\\\/terms\\\/\",\"url\":\"https:\\\/\\\/hotelnordlandet.com\\\/da\\\/terms\\\/\",\"name\":\"Betingelser - Nordlandet\",\"isPartOf\":{\"@id\":\"https:\\\/\\\/hotelnordlandet.com\\\/da\\\/#website\"},\"datePublished\":\"2020-06-23T17:34:50+00:00\",\"dateModified\":\"2023-12-17T21:22:41+00:00\",\"breadcrumb\":{\"@id\":\"https:\\\/\\\/hotelnordlandet.com\\\/da\\\/terms\\\/#breadcrumb\"},\"inLanguage\":\"da-DK\",\"potentialAction\":[{\"@type\":\"ReadAction\",\"target\":[[\"https:\\\/\\\/hotelnordlandet.com\\\/da\\\/terms\\\/\"]]}]},{\"@type\":\"BreadcrumbList\",\"@id\":\"https:\\\/\\\/hotelnordlandet.com\\\/da\\\/terms\\\/#breadcrumb\",\"itemListElement\":[{\"@type\":\"ListItem\",\"position\":1,\"name\":\"Home\",\"item\":\"https:\\\/\\\/hotelnordlandet.com\\\/da\\\/\"},{\"@type\":\"ListItem\",\"position\":2,\"name\":\"Terms\"}]},{\"@type\":\"WebSite\",\"@id\":\"https:\\\/\\\/hotelnordlandet.com\\\/da\\\/#website\",\"url\":\"https:\\\/\\\/hotelnordlandet.com\\\/da\\\/\",\"name\":\"nordlandet\",\"description\":\"hotel nordlandet bornholm\",\"publisher\":{\"@id\":\"https:\\\/\\\/hotelnordlandet.com\\\/da\\\/#organization\"},\"potentialAction\":[{\"@type\":\"SearchAction\",\"target\":{\"@type\":\"EntryPoint\",\"urlTemplate\":\"https:\\\/\\\/hotelnordlandet.com\\\/da\\\/?s={search_term_string}\"},\"query-input\":{\"@type\":\"PropertyValueSpecification\",\"valueRequired\":true,\"valueName\":\"search_term_string\"}}],\"inLanguage\":\"da-DK\"},{\"@type\":\"Organization\",\"@id\":\"https:\\\/\\\/hotelnordlandet.com\\\/da\\\/#organization\",\"name\":\"nordlandet\",\"url\":\"https:\\\/\\\/hotelnordlandet.com\\\/da\\\/\",\"logo\":{\"@type\":\"ImageObject\",\"inLanguage\":\"da-DK\",\"@id\":\"https:\\\/\\\/hotelnordlandet.com\\\/da\\\/#\\\/schema\\\/logo\\\/image\\\/\",\"url\":\"https:\\\/\\\/hotelnordlandet.com\\\/wp-content\\\/uploads\\\/2016\\\/01\\\/U5A0610-e1529747423552.jpg\",\"contentUrl\":\"https:\\\/\\\/hotelnordlandet.com\\\/wp-content\\\/uploads\\\/2016\\\/01\\\/U5A0610-e1529747423552.jpg\",\"width\":632,\"height\":933,\"caption\":\"nordlandet\"},\"image\":{\"@id\":\"https:\\\/\\\/hotelnordlandet.com\\\/da\\\/#\\\/schema\\\/logo\\\/image\\\/\"},\"sameAs\":[\"https:\\\/\\\/www.facebook.com\\\/hotelnordlandet\"]}]}<\/script>\n<!-- \/ Yoast SEO plugin. -->","yoast_head_json":{"title":"Betingelser - Nordlandet","robots":{"index":"index","follow":"follow","max-snippet":"max-snippet:-1","max-image-preview":"max-image-preview:large","max-video-preview":"max-video-preview:-1"},"canonical":"https:\/\/hotelnordlandet.com\/da\/terms\/","og_locale":"da_DK","og_type":"article","og_title":"Betingelser - Nordlandet","og_description":"[vc_row row_height_percent=&#8221;0&#8243; override_padding=&#8221;yes&#8221; h_padding=&#8221;2&#8243; top_padding=&#8221;5&#8243; bottom_padding=&#8221;5&#8243; overlay_alpha=&#8221;0&#8243; equal_height=&#8221;yes&#8221; gutter_size=&#8221;3&#8243; column_width_percent=&#8221;100&#8243; shift_y=&#8221;0&#8243; z_index=&#8221;0&#8243; bottom_divider=&#8221;gradient&#8221; el_class=&#8221;row-letaral section-lateral row-horizontal-display overflow-hidden shape-bg additions&#8221;][vc_column column_width_use_pixel=&#8221;yes&#8221; [&hellip;]","og_url":"https:\/\/hotelnordlandet.com\/da\/terms\/","og_site_name":"Nordlandet","article_publisher":"https:\/\/www.facebook.com\/hotelnordlandet","article_modified_time":"2023-12-17T21:22:41+00:00","twitter_card":"summary_large_image","twitter_misc":{"Estimeret l\u00e6setid":"6 minutter"},"schema":{"@context":"https:\/\/schema.org","@graph":[{"@type":"WebPage","@id":"https:\/\/hotelnordlandet.com\/da\/terms\/","url":"https:\/\/hotelnordlandet.com\/da\/terms\/","name":"Betingelser - Nordlandet","isPartOf":{"@id":"https:\/\/hotelnordlandet.com\/da\/#website"},"datePublished":"2020-06-23T17:34:50+00:00","dateModified":"2023-12-17T21:22:41+00:00","breadcrumb":{"@id":"https:\/\/hotelnordlandet.com\/da\/terms\/#breadcrumb"},"inLanguage":"da-DK","potentialAction":[{"@type":"ReadAction","target":[["https:\/\/hotelnordlandet.com\/da\/terms\/"]]}]},{"@type":"BreadcrumbList","@id":"https:\/\/hotelnordlandet.com\/da\/terms\/#breadcrumb","itemListElement":[{"@type":"ListItem","position":1,"name":"Home","item":"https:\/\/hotelnordlandet.com\/da\/"},{"@type":"ListItem","position":2,"name":"Terms"}]},{"@type":"WebSite","@id":"https:\/\/hotelnordlandet.com\/da\/#website","url":"https:\/\/hotelnordlandet.com\/da\/","name":"nordlandet","description":"hotel nordlandet bornholm","publisher":{"@id":"https:\/\/hotelnordlandet.com\/da\/#organization"},"potentialAction":[{"@type":"SearchAction","target":{"@type":"EntryPoint","urlTemplate":"https:\/\/hotelnordlandet.com\/da\/?s={search_term_string}"},"query-input":{"@type":"PropertyValueSpecification","valueRequired":true,"valueName":"search_term_string"}}],"inLanguage":"da-DK"},{"@type":"Organization","@id":"https:\/\/hotelnordlandet.com\/da\/#organization","name":"nordlandet","url":"https:\/\/hotelnordlandet.com\/da\/","logo":{"@type":"ImageObject","inLanguage":"da-DK","@id":"https:\/\/hotelnordlandet.com\/da\/#\/schema\/logo\/image\/","url":"https:\/\/hotelnordlandet.com\/wp-content\/uploads\/2016\/01\/U5A0610-e1529747423552.jpg","contentUrl":"https:\/\/hotelnordlandet.com\/wp-content\/uploads\/2016\/01\/U5A0610-e1529747423552.jpg","width":632,"height":933,"caption":"nordlandet"},"image":{"@id":"https:\/\/hotelnordlandet.com\/da\/#\/schema\/logo\/image\/"},"sameAs":["https:\/\/www.facebook.com\/hotelnordlandet"]}]}},"_links":{"self":[{"href":"https:\/\/hotelnordlandet.com\/da\/wp-json\/wp\/v2\/pages\/48567","targetHints":{"allow":["GET"]}}],"collection":[{"href":"https:\/\/hotelnordlandet.com\/da\/wp-json\/wp\/v2\/pages"}],"about":[{"href":"https:\/\/hotelnordlandet.com\/da\/wp-json\/wp\/v2\/types\/page"}],"author":[{"embeddable":true,"href":"https:\/\/hotelnordlandet.com\/da\/wp-json\/wp\/v2\/users\/2"}],"replies":[{"embeddable":true,"href":"https:\/\/hotelnordlandet.com\/da\/wp-json\/wp\/v2\/comments?post=48567"}],"version-history":[{"count":26,"href":"https:\/\/hotelnordlandet.com\/da\/wp-json\/wp\/v2\/pages\/48567\/revisions"}],"predecessor-version":[{"id":50273,"href":"https:\/\/hotelnordlandet.com\/da\/wp-json\/wp\/v2\/pages\/48567\/revisions\/50273"}],"wp:attachment":[{"href":"https:\/\/hotelnordlandet.com\/da\/wp-json\/wp\/v2\/media?parent=48567"}],"curies":[{"name":"wp","href":"https:\/\/api.w.org\/{rel}","templated":true}]}}