{"id":47101,"date":"2017-10-20T12:34:15","date_gmt":"2017-10-20T12:34:15","guid":{"rendered":"https:\/\/hotelnordlandet.com\/?page_id=47101"},"modified":"2025-12-20T12:08:53","modified_gmt":"2025-12-20T11:08:53","slug":"aabningstider","status":"publish","type":"page","link":"https:\/\/hotelnordlandet.com\/da\/aabningstider\/","title":{"rendered":"\u00c5bningstider"},"content":{"rendered":"<div class=\"wpb-content-wrapper\"><p>[vc_row][vc_column column_width_percent=&#8221;100&#8243; align_horizontal=&#8221;align_center&#8221; gutter_size=&#8221;3&#8243; overlay_alpha=&#8221;50&#8243; shift_x=&#8221;0&#8243; shift_y=&#8221;0&#8243; shift_y_down=&#8221;0&#8243; z_index=&#8221;0&#8243; medium_width=&#8221;0&#8243; mobile_width=&#8221;0&#8243; width=&#8221;1\/1&#8243; uncode_shortcode_id=&#8221;145844&#8243;][vc_empty_space empty_h=&#8221;2&#8243;][\/vc_column][\/vc_row][vc_row row_height_percent=&#8221;0&#8243; back_color=&#8221;color-xsdn&#8221; overlay_color=&#8221;color-xsdn&#8221; overlay_alpha=&#8221;50&#8243; gutter_size=&#8221;3&#8243; column_width_percent=&#8221;100&#8243; shift_y=&#8221;0&#8243; z_index=&#8221;0&#8243; uncode_shortcode_id=&#8221;973094&#8243; back_color_type=&#8221;uncode-palette&#8221; overlay_color_type=&#8221;uncode-palette&#8221;][vc_column width=&#8221;1\/4&#8243;][vc_column_text uncode_shortcode_id=&#8221;129115&#8243;]<\/p>\n<p style=\"text-align: center\"><span style=\"color: #000000\"><strong>V\u00c6RELSER<\/strong><\/span><\/p>\n<p style=\"text-align: center\"><span style=\"color: #000000\">&#8211;<\/span><\/p>\n<p style=\"text-align: center\"><span style=\"color: #000000\"><strong>2026<\/strong><\/span><\/p>\n<p style=\"text-align: center\"><span style=\"color: #000000\"><strong>fra 25\/02 &#8211; april<\/strong>: onsdag-s\u00f8ndag (udvidet \u00e5bningstid i p\u00e5sken)<\/span><\/p>\n<p style=\"text-align: center\"><span style=\"color: #000000\"><strong>maj-september<\/strong>: \u00e5bent alle dage<\/span><\/p>\n<p style=\"text-align: center\"><span style=\"color: #000000\"><strong>oktober<\/strong>: onsdag til s\u00f8ndag (efter\u00e5rsferie, \u00e5bent alle dage)<\/span><\/p>\n<p style=\"text-align: center\"><span style=\"color: #000000\"><strong>november-december<\/strong>: onsdag til s\u00f8ndag (udvidet \u00e5bningstid mellem jul og nyt\u00e5r)<\/span><\/p>\n<p style=\"text-align: center\"><span style=\"color: #000000\"><em>\u00a0<\/em><\/span><\/p>\n<p>[\/vc_column_text][\/vc_column][vc_column column_width_percent=&#8221;100&#8243; gutter_size=&#8221;3&#8243; overlay_alpha=&#8221;50&#8243; shift_x=&#8221;0&#8243; shift_y=&#8221;0&#8243; shift_y_down=&#8221;0&#8243; z_index=&#8221;0&#8243; medium_width=&#8221;0&#8243; mobile_width=&#8221;0&#8243; width=&#8221;1\/4&#8243; uncode_shortcode_id=&#8221;179803&#8243;][vc_column_text uncode_shortcode_id=&#8221;290353&#8243;]<\/p>\n<p style=\"text-align: center\"><span style=\"color: #000000\"><strong>LEJLIGHEDER<\/strong><\/span><\/p>\n<p style=\"text-align: center\">&#8211;<\/p>\n<p style=\"text-align: center\"><span style=\"color: #000000\"><strong>Lejligheder har som minimum \u00e5bent samtidigt som v\u00e6relser <\/strong><\/span><\/p>\n<p style=\"text-align: center\"><span style=\"color: #000000\"><strong>&#8211; men kan derudover n\u00e6sten altid bookes, <\/strong>ogs\u00e5 n\u00e5r hovedhotellet ikke holder \u00e5bent. <\/span><\/p>\n<p style=\"text-align: center\"><span style=\"color: #000000\">Kontakt os gerne p\u00e5 <a href=\"mailto:info@nordlandet.dk\">info@nordlandet.dk<\/a>, s\u00e5 finder vi det rette for jer.<\/span><\/p>\n<p>[\/vc_column_text][\/vc_column][vc_column width=&#8221;1\/4&#8243;][vc_column_text uncode_shortcode_id=&#8221;214027&#8243;]<\/p>\n<p style=\"text-align: center\"><span style=\"color: #000000\"><strong>RESTAURANT<\/strong><\/span><\/p>\n<p style=\"text-align: center\"><span style=\"color: #000000\">&#8211;<\/span><\/p>\n<p style=\"text-align: center\"><span style=\"color: #000000\"><strong>2026<\/strong><\/span><\/p>\n<p style=\"text-align: center\"><span style=\"color: #000000\"><strong>fra 25\/02 &#8211; april<\/strong>: onsdag-l\u00f8rdag (udvidet \u00e5bningstid i p\u00e5sken)<\/span><\/p>\n<p style=\"text-align: center\"><span style=\"color: #000000\"><strong>maj-september<\/strong>: \u00e5bent alle dage<\/span><\/p>\n<p style=\"text-align: center\"><span style=\"color: #000000\"><strong>oktober<\/strong>: onsdag til l\u00f8rdag (efter\u00e5rsferie, \u00e5bent alle dage)<\/span><\/p>\n<p style=\"text-align: center\"><span style=\"color: #000000\"><strong>november-december<\/strong>: onsdag til l\u00f8rdag (udvidet \u00e5bningstid mellem jul og nyt\u00e5r)<\/span><\/p>\n<p style=\"text-align: center\"><span style=\"color: #000000\"><em>\u00a0<\/em><\/span><\/p>\n<p>[\/vc_column_text][\/vc_column][vc_column width=&#8221;1\/4&#8243;][vc_column_text uncode_shortcode_id=&#8221;125557&#8243;]<\/p>\n<p style=\"text-align: center\"><span style=\"color: #333333\"><strong>UNDERBAR<\/strong><\/span><\/p>\n<p style=\"text-align: center\">&#8211;<\/p>\n<p style=\"text-align: center\"><span style=\"color: #333333\"><strong>er i skulders\u00e6son kun \u00e5bent p\u00e5 s\u00e6rlige dage &#8211; i h\u00f8js\u00e6son \u00e5bent alle dage<br \/>\n<\/strong><\/span><\/p>\n<p style=\"text-align: center\"><span style=\"color: #333333\"><em>&#8211; \u00f8vrige dage supplerer vi med et udvalgt barkort i Nordlandets lounge<\/em><br \/>\n<\/span><\/p>\n<p>[\/vc_column_text][\/vc_column][\/vc_row][vc_row row_height_percent=&#8221;70&#8243; back_image=&#8221;49689&#8243; overlay_alpha=&#8221;50&#8243; gutter_size=&#8221;3&#8243; column_width_percent=&#8221;100&#8243; shift_y=&#8221;0&#8243; z_index=&#8221;0&#8243; content_parallax=&#8221;0&#8243; uncode_shortcode_id=&#8221;377498&#8243;][vc_column width=&#8221;1\/1&#8243;][\/vc_column][\/vc_row]<\/p>\n<\/div>","protected":false},"excerpt":{"rendered":"<p>[vc_row][vc_column column_width_percent=&#8221;100&#8243; align_horizontal=&#8221;align_center&#8221; gutter_size=&#8221;3&#8243; overlay_alpha=&#8221;50&#8243; shift_x=&#8221;0&#8243; shift_y=&#8221;0&#8243; shift_y_down=&#8221;0&#8243; z_index=&#8221;0&#8243; medium_width=&#8221;0&#8243; mobile_width=&#8221;0&#8243; width=&#8221;1\/1&#8243; uncode_shortcode_id=&#8221;145844&#8243;][vc_empty_space empty_h=&#8221;2&#8243;][\/vc_column][\/vc_row][vc_row row_height_percent=&#8221;0&#8243; back_color=&#8221;color-xsdn&#8221; overlay_color=&#8221;color-xsdn&#8221; overlay_alpha=&#8221;50&#8243; gutter_size=&#8221;3&#8243; column_width_percent=&#8221;100&#8243; [&hellip;]<\/p>\n","protected":false},"author":2,"featured_media":0,"parent":0,"menu_order":0,"comment_status":"closed","ping_status":"closed","template":"","meta":{"footnotes":""},"class_list":["post-47101","page","type-page","status-publish","hentry"],"yoast_head":"<!-- This site is optimized with the Yoast SEO plugin v27.3 - https:\/\/yoast.com\/product\/yoast-seo-wordpress\/ -->\n<title>\u00c5bningstider - Nordlandet<\/title>\n<meta name=\"description\" content=\"Depending on the season, the hotel nordlandet&#039;s opening hours are all year round with different activities that suit the season.\" \/>\n<meta name=\"robots\" content=\"index, follow, max-snippet:-1, max-image-preview:large, max-video-preview:-1\" \/>\n<link rel=\"canonical\" href=\"https:\/\/hotelnordlandet.com\/da\/aabningstider\/\" \/>\n<meta property=\"og:locale\" content=\"da_DK\" \/>\n<meta property=\"og:type\" content=\"article\" \/>\n<meta property=\"og:title\" content=\"hotel nordlandet&#039;s opening hours - all year!\" \/>\n<meta property=\"og:description\" content=\"Depending on the season, the hotel nordlandet&#039;s opening hours are all year round with different activities that suit the season.\" \/>\n<meta property=\"og:url\" content=\"https:\/\/hotelnordlandet.com\/da\/aabningstider\/\" \/>\n<meta property=\"og:site_name\" content=\"Nordlandet\" \/>\n<meta property=\"article:publisher\" content=\"https:\/\/www.facebook.com\/hotelnordlandet\" \/>\n<meta property=\"article:modified_time\" content=\"2025-12-20T11:08:53+00:00\" \/>\n<meta property=\"og:image\" content=\"https:\/\/hotelnordlandet.com\/wp-content\/uploads\/2016\/03\/4H0A8506-scaled.jpg\" \/>\n\t<meta property=\"og:image:width\" content=\"2560\" \/>\n\t<meta property=\"og:image:height\" content=\"1707\" \/>\n\t<meta property=\"og:image:type\" content=\"image\/jpeg\" \/>\n<meta name=\"twitter:card\" content=\"summary_large_image\" \/>\n<meta name=\"twitter:label1\" content=\"Estimeret l\u00e6setid\" \/>\n\t<meta name=\"twitter:data1\" content=\"2 minutter\" \/>\n<script type=\"application\/ld+json\" class=\"yoast-schema-graph\">{\"@context\":\"https:\\\/\\\/schema.org\",\"@graph\":[{\"@type\":\"WebPage\",\"@id\":\"https:\\\/\\\/hotelnordlandet.com\\\/da\\\/aabningstider\\\/\",\"url\":\"https:\\\/\\\/hotelnordlandet.com\\\/da\\\/aabningstider\\\/\",\"name\":\"\u00c5bningstider - Nordlandet\",\"isPartOf\":{\"@id\":\"https:\\\/\\\/hotelnordlandet.com\\\/da\\\/#website\"},\"datePublished\":\"2017-10-20T12:34:15+00:00\",\"dateModified\":\"2025-12-20T11:08:53+00:00\",\"description\":\"Depending on the season, the hotel nordlandet's opening hours are all year round with different activities that suit the season.\",\"breadcrumb\":{\"@id\":\"https:\\\/\\\/hotelnordlandet.com\\\/da\\\/aabningstider\\\/#breadcrumb\"},\"inLanguage\":\"da-DK\",\"potentialAction\":[{\"@type\":\"ReadAction\",\"target\":[[\"https:\\\/\\\/hotelnordlandet.com\\\/da\\\/aabningstider\\\/\"]]}]},{\"@type\":\"BreadcrumbList\",\"@id\":\"https:\\\/\\\/hotelnordlandet.com\\\/da\\\/aabningstider\\\/#breadcrumb\",\"itemListElement\":[{\"@type\":\"ListItem\",\"position\":1,\"name\":\"Home\",\"item\":\"https:\\\/\\\/hotelnordlandet.com\\\/da\\\/\"},{\"@type\":\"ListItem\",\"position\":2,\"name\":\"\u00c5bningstider\"}]},{\"@type\":\"WebSite\",\"@id\":\"https:\\\/\\\/hotelnordlandet.com\\\/da\\\/#website\",\"url\":\"https:\\\/\\\/hotelnordlandet.com\\\/da\\\/\",\"name\":\"nordlandet\",\"description\":\"hotel nordlandet bornholm\",\"publisher\":{\"@id\":\"https:\\\/\\\/hotelnordlandet.com\\\/da\\\/#organization\"},\"potentialAction\":[{\"@type\":\"SearchAction\",\"target\":{\"@type\":\"EntryPoint\",\"urlTemplate\":\"https:\\\/\\\/hotelnordlandet.com\\\/da\\\/?s={search_term_string}\"},\"query-input\":{\"@type\":\"PropertyValueSpecification\",\"valueRequired\":true,\"valueName\":\"search_term_string\"}}],\"inLanguage\":\"da-DK\"},{\"@type\":\"Organization\",\"@id\":\"https:\\\/\\\/hotelnordlandet.com\\\/da\\\/#organization\",\"name\":\"nordlandet\",\"url\":\"https:\\\/\\\/hotelnordlandet.com\\\/da\\\/\",\"logo\":{\"@type\":\"ImageObject\",\"inLanguage\":\"da-DK\",\"@id\":\"https:\\\/\\\/hotelnordlandet.com\\\/da\\\/#\\\/schema\\\/logo\\\/image\\\/\",\"url\":\"https:\\\/\\\/hotelnordlandet.com\\\/wp-content\\\/uploads\\\/2016\\\/01\\\/U5A0610-e1529747423552.jpg\",\"contentUrl\":\"https:\\\/\\\/hotelnordlandet.com\\\/wp-content\\\/uploads\\\/2016\\\/01\\\/U5A0610-e1529747423552.jpg\",\"width\":632,\"height\":933,\"caption\":\"nordlandet\"},\"image\":{\"@id\":\"https:\\\/\\\/hotelnordlandet.com\\\/da\\\/#\\\/schema\\\/logo\\\/image\\\/\"},\"sameAs\":[\"https:\\\/\\\/www.facebook.com\\\/hotelnordlandet\"]}]}<\/script>\n<!-- \/ Yoast SEO plugin. -->","yoast_head_json":{"title":"\u00c5bningstider - Nordlandet","description":"Depending on the season, the hotel nordlandet's opening hours are all year round with different activities that suit the season.","robots":{"index":"index","follow":"follow","max-snippet":"max-snippet:-1","max-image-preview":"max-image-preview:large","max-video-preview":"max-video-preview:-1"},"canonical":"https:\/\/hotelnordlandet.com\/da\/aabningstider\/","og_locale":"da_DK","og_type":"article","og_title":"hotel nordlandet's opening hours - all year!","og_description":"Depending on the season, the hotel nordlandet's opening hours are all year round with different activities that suit the season.","og_url":"https:\/\/hotelnordlandet.com\/da\/aabningstider\/","og_site_name":"Nordlandet","article_publisher":"https:\/\/www.facebook.com\/hotelnordlandet","article_modified_time":"2025-12-20T11:08:53+00:00","og_image":[{"width":2560,"height":1707,"url":"https:\/\/hotelnordlandet.com\/wp-content\/uploads\/2016\/03\/4H0A8506-scaled.jpg","type":"image\/jpeg"}],"twitter_card":"summary_large_image","twitter_misc":{"Estimeret l\u00e6setid":"2 minutter"},"schema":{"@context":"https:\/\/schema.org","@graph":[{"@type":"WebPage","@id":"https:\/\/hotelnordlandet.com\/da\/aabningstider\/","url":"https:\/\/hotelnordlandet.com\/da\/aabningstider\/","name":"\u00c5bningstider - Nordlandet","isPartOf":{"@id":"https:\/\/hotelnordlandet.com\/da\/#website"},"datePublished":"2017-10-20T12:34:15+00:00","dateModified":"2025-12-20T11:08:53+00:00","description":"Depending on the season, the hotel nordlandet's opening hours are all year round with different activities that suit the season.","breadcrumb":{"@id":"https:\/\/hotelnordlandet.com\/da\/aabningstider\/#breadcrumb"},"inLanguage":"da-DK","potentialAction":[{"@type":"ReadAction","target":[["https:\/\/hotelnordlandet.com\/da\/aabningstider\/"]]}]},{"@type":"BreadcrumbList","@id":"https:\/\/hotelnordlandet.com\/da\/aabningstider\/#breadcrumb","itemListElement":[{"@type":"ListItem","position":1,"name":"Home","item":"https:\/\/hotelnordlandet.com\/da\/"},{"@type":"ListItem","position":2,"name":"\u00c5bningstider"}]},{"@type":"WebSite","@id":"https:\/\/hotelnordlandet.com\/da\/#website","url":"https:\/\/hotelnordlandet.com\/da\/","name":"nordlandet","description":"hotel nordlandet bornholm","publisher":{"@id":"https:\/\/hotelnordlandet.com\/da\/#organization"},"potentialAction":[{"@type":"SearchAction","target":{"@type":"EntryPoint","urlTemplate":"https:\/\/hotelnordlandet.com\/da\/?s={search_term_string}"},"query-input":{"@type":"PropertyValueSpecification","valueRequired":true,"valueName":"search_term_string"}}],"inLanguage":"da-DK"},{"@type":"Organization","@id":"https:\/\/hotelnordlandet.com\/da\/#organization","name":"nordlandet","url":"https:\/\/hotelnordlandet.com\/da\/","logo":{"@type":"ImageObject","inLanguage":"da-DK","@id":"https:\/\/hotelnordlandet.com\/da\/#\/schema\/logo\/image\/","url":"https:\/\/hotelnordlandet.com\/wp-content\/uploads\/2016\/01\/U5A0610-e1529747423552.jpg","contentUrl":"https:\/\/hotelnordlandet.com\/wp-content\/uploads\/2016\/01\/U5A0610-e1529747423552.jpg","width":632,"height":933,"caption":"nordlandet"},"image":{"@id":"https:\/\/hotelnordlandet.com\/da\/#\/schema\/logo\/image\/"},"sameAs":["https:\/\/www.facebook.com\/hotelnordlandet"]}]}},"_links":{"self":[{"href":"https:\/\/hotelnordlandet.com\/da\/wp-json\/wp\/v2\/pages\/47101","targetHints":{"allow":["GET"]}}],"collection":[{"href":"https:\/\/hotelnordlandet.com\/da\/wp-json\/wp\/v2\/pages"}],"about":[{"href":"https:\/\/hotelnordlandet.com\/da\/wp-json\/wp\/v2\/types\/page"}],"author":[{"embeddable":true,"href":"https:\/\/hotelnordlandet.com\/da\/wp-json\/wp\/v2\/users\/2"}],"replies":[{"embeddable":true,"href":"https:\/\/hotelnordlandet.com\/da\/wp-json\/wp\/v2\/comments?post=47101"}],"version-history":[{"count":333,"href":"https:\/\/hotelnordlandet.com\/da\/wp-json\/wp\/v2\/pages\/47101\/revisions"}],"predecessor-version":[{"id":50902,"href":"https:\/\/hotelnordlandet.com\/da\/wp-json\/wp\/v2\/pages\/47101\/revisions\/50902"}],"wp:attachment":[{"href":"https:\/\/hotelnordlandet.com\/da\/wp-json\/wp\/v2\/media?parent=47101"}],"curies":[{"name":"wp","href":"https:\/\/api.w.org\/{rel}","templated":true}]}}