{"id":44637,"date":"2016-01-18T18:51:36","date_gmt":"2016-01-18T18:51:36","guid":{"rendered":"https:\/\/hotelnordlandet.com\/?page_id=44637"},"modified":"2025-05-14T09:31:15","modified_gmt":"2025-05-14T08:31:15","slug":"home-2","status":"publish","type":"page","link":"https:\/\/hotelnordlandet.com\/da\/","title":{"rendered":"Boutique hotel Bornholm"},"content":{"rendered":"","protected":false},"excerpt":{"rendered":"","protected":false},"author":2,"featured_media":49741,"parent":0,"menu_order":0,"comment_status":"closed","ping_status":"closed","template":"","meta":{"footnotes":""},"class_list":["post-44637","page","type-page","status-publish","has-post-thumbnail","hentry"],"yoast_head":"<!-- This site is optimized with the Yoast SEO plugin v27.4 - https:\/\/yoast.com\/product\/yoast-seo-wordpress\/ -->\n<title>Boutique hotel Bornholm - Nordlandet<\/title>\n<meta name=\"description\" content=\"Oplev Allinges boutique hotel p\u00e5 Bornholm: Havudsigt, sauna, restaurant, bar. Familievenligt, h\u00f8j standard. 33 v\u00e6relser. Book din dr\u00f8mmeferie!\" \/>\n<meta name=\"robots\" content=\"index, follow, max-snippet:-1, max-image-preview:large, max-video-preview:-1\" \/>\n<link rel=\"canonical\" href=\"https:\/\/hotelnordlandet.com\/da\/\" \/>\n<meta property=\"og:locale\" content=\"da_DK\" \/>\n<meta property=\"og:type\" content=\"article\" \/>\n<meta property=\"og:title\" content=\"Boutique hotel on Bornholm\" \/>\n<meta property=\"og:description\" content=\"Experience Allinge&#039;s boutique hotel on Bornholm: Sea view, sauna, restaurant, bar. Family-friendly, high standard. 33 rooms. Book your dream holiday!\" \/>\n<meta property=\"og:url\" content=\"https:\/\/hotelnordlandet.com\/da\/\" \/>\n<meta property=\"og:site_name\" content=\"Nordlandet\" \/>\n<meta property=\"article:publisher\" content=\"https:\/\/www.facebook.com\/hotelnordlandet\" \/>\n<meta property=\"article:modified_time\" content=\"2025-05-14T08:31:15+00:00\" \/>\n<meta property=\"og:image\" content=\"https:\/\/hotelnordlandet.com\/wp-content\/uploads\/2022\/01\/4H0A8386-scaled.jpg\" \/>\n\t<meta property=\"og:image:width\" content=\"2560\" \/>\n\t<meta property=\"og:image:height\" content=\"1707\" \/>\n\t<meta property=\"og:image:type\" content=\"image\/jpeg\" \/>\n<meta name=\"twitter:card\" content=\"summary_large_image\" \/>\n<meta name=\"twitter:title\" content=\"Boutique hotel on Bornholm\" \/>\n<meta name=\"twitter:description\" content=\"Experience Allinge&#039;s boutique hotel on Bornholm: Sea view, sauna, restaurant, bar. Family-friendly, high standard. 33 rooms. Book your dream holiday!\" \/>\n<meta name=\"twitter:image\" content=\"https:\/\/hotelnordlandet.com\/wp-content\/uploads\/2022\/01\/4H0A8386-scaled.jpg\" \/>\n<meta name=\"twitter:label1\" content=\"Estimeret l\u00e6setid\" \/>\n\t<meta name=\"twitter:data1\" content=\"1 minut\" \/>\n<script type=\"application\/ld+json\" class=\"yoast-schema-graph\">{\"@context\":\"https:\\\/\\\/schema.org\",\"@graph\":[{\"@type\":\"WebPage\",\"@id\":\"https:\\\/\\\/hotelnordlandet.com\\\/da\\\/\",\"url\":\"https:\\\/\\\/hotelnordlandet.com\\\/da\\\/\",\"name\":\"Boutique hotel Bornholm - Nordlandet\",\"isPartOf\":{\"@id\":\"https:\\\/\\\/hotelnordlandet.com\\\/da\\\/#website\"},\"primaryImageOfPage\":{\"@id\":\"https:\\\/\\\/hotelnordlandet.com\\\/da\\\/#primaryimage\"},\"image\":{\"@id\":\"https:\\\/\\\/hotelnordlandet.com\\\/en\\\/#primaryimage\"},\"thumbnailUrl\":\"https:\\\/\\\/hotelnordlandet.com\\\/wp-content\\\/uploads\\\/2022\\\/01\\\/4H0A8386-scaled.jpg\",\"datePublished\":\"2016-01-18T18:51:36+00:00\",\"dateModified\":\"2025-05-14T08:31:15+00:00\",\"description\":\"Oplev Allinges boutique hotel p\u00e5 Bornholm: Havudsigt, sauna, restaurant, bar. Familievenligt, h\u00f8j standard. 33 v\u00e6relser. Book din dr\u00f8mmeferie!\",\"breadcrumb\":{\"@id\":\"https:\\\/\\\/hotelnordlandet.com\\\/da\\\/#breadcrumb\"},\"inLanguage\":\"da-DK\",\"potentialAction\":[{\"@type\":\"ReadAction\",\"target\":[[\"https:\\\/\\\/hotelnordlandet.com\\\/da\\\/\"]]}]},{\"@type\":\"ImageObject\",\"inLanguage\":\"da-DK\",\"@id\":\"https:\\\/\\\/hotelnordlandet.com\\\/da\\\/#primaryimage\",\"url\":\"https:\\\/\\\/hotelnordlandet.com\\\/wp-content\\\/uploads\\\/2022\\\/01\\\/4H0A8386-scaled.jpg\",\"contentUrl\":\"https:\\\/\\\/hotelnordlandet.com\\\/wp-content\\\/uploads\\\/2022\\\/01\\\/4H0A8386-scaled.jpg\",\"width\":2560,\"height\":1707},{\"@type\":\"BreadcrumbList\",\"@id\":\"https:\\\/\\\/hotelnordlandet.com\\\/da\\\/#breadcrumb\",\"itemListElement\":[{\"@type\":\"ListItem\",\"position\":1,\"name\":\"Home\",\"item\":\"https:\\\/\\\/hotelnordlandet.com\\\/da\\\/\"},{\"@type\":\"ListItem\",\"position\":2,\"name\":\"Boutique hotel Bornholm\"}]},{\"@type\":\"WebSite\",\"@id\":\"https:\\\/\\\/hotelnordlandet.com\\\/da\\\/#website\",\"url\":\"https:\\\/\\\/hotelnordlandet.com\\\/da\\\/\",\"name\":\"nordlandet\",\"description\":\"hotel nordlandet bornholm\",\"publisher\":{\"@id\":\"https:\\\/\\\/hotelnordlandet.com\\\/da\\\/#organization\"},\"potentialAction\":[{\"@type\":\"SearchAction\",\"target\":{\"@type\":\"EntryPoint\",\"urlTemplate\":\"https:\\\/\\\/hotelnordlandet.com\\\/da\\\/?s={search_term_string}\"},\"query-input\":{\"@type\":\"PropertyValueSpecification\",\"valueRequired\":true,\"valueName\":\"search_term_string\"}}],\"inLanguage\":\"da-DK\"},{\"@type\":\"Organization\",\"@id\":\"https:\\\/\\\/hotelnordlandet.com\\\/da\\\/#organization\",\"name\":\"nordlandet\",\"url\":\"https:\\\/\\\/hotelnordlandet.com\\\/da\\\/\",\"logo\":{\"@type\":\"ImageObject\",\"inLanguage\":\"da-DK\",\"@id\":\"https:\\\/\\\/hotelnordlandet.com\\\/da\\\/#\\\/schema\\\/logo\\\/image\\\/\",\"url\":\"https:\\\/\\\/hotelnordlandet.com\\\/wp-content\\\/uploads\\\/2016\\\/01\\\/U5A0610-e1529747423552.jpg\",\"contentUrl\":\"https:\\\/\\\/hotelnordlandet.com\\\/wp-content\\\/uploads\\\/2016\\\/01\\\/U5A0610-e1529747423552.jpg\",\"width\":632,\"height\":933,\"caption\":\"nordlandet\"},\"image\":{\"@id\":\"https:\\\/\\\/hotelnordlandet.com\\\/da\\\/#\\\/schema\\\/logo\\\/image\\\/\"},\"sameAs\":[\"https:\\\/\\\/www.facebook.com\\\/hotelnordlandet\"]}]}<\/script>\n<!-- \/ Yoast SEO plugin. -->","yoast_head_json":{"title":"Boutique hotel Bornholm - Nordlandet","description":"Oplev Allinges boutique hotel p\u00e5 Bornholm: Havudsigt, sauna, restaurant, bar. Familievenligt, h\u00f8j standard. 33 v\u00e6relser. Book din dr\u00f8mmeferie!","robots":{"index":"index","follow":"follow","max-snippet":"max-snippet:-1","max-image-preview":"max-image-preview:large","max-video-preview":"max-video-preview:-1"},"canonical":"https:\/\/hotelnordlandet.com\/da\/","og_locale":"da_DK","og_type":"article","og_title":"Boutique hotel on Bornholm","og_description":"Experience Allinge's boutique hotel on Bornholm: Sea view, sauna, restaurant, bar. Family-friendly, high standard. 33 rooms. Book your dream holiday!","og_url":"https:\/\/hotelnordlandet.com\/da\/","og_site_name":"Nordlandet","article_publisher":"https:\/\/www.facebook.com\/hotelnordlandet","article_modified_time":"2025-05-14T08:31:15+00:00","og_image":[{"width":2560,"height":1707,"url":"https:\/\/hotelnordlandet.com\/wp-content\/uploads\/2022\/01\/4H0A8386-scaled.jpg","type":"image\/jpeg"}],"twitter_card":"summary_large_image","twitter_title":"Boutique hotel on Bornholm","twitter_description":"Experience Allinge's boutique hotel on Bornholm: Sea view, sauna, restaurant, bar. Family-friendly, high standard. 33 rooms. Book your dream holiday!","twitter_image":"https:\/\/hotelnordlandet.com\/wp-content\/uploads\/2022\/01\/4H0A8386-scaled.jpg","twitter_misc":{"Estimeret l\u00e6setid":"1 minut"},"schema":{"@context":"https:\/\/schema.org","@graph":[{"@type":"WebPage","@id":"https:\/\/hotelnordlandet.com\/da\/","url":"https:\/\/hotelnordlandet.com\/da\/","name":"Boutique hotel Bornholm - Nordlandet","isPartOf":{"@id":"https:\/\/hotelnordlandet.com\/da\/#website"},"primaryImageOfPage":{"@id":"https:\/\/hotelnordlandet.com\/da\/#primaryimage"},"image":{"@id":"https:\/\/hotelnordlandet.com\/en\/#primaryimage"},"thumbnailUrl":"https:\/\/hotelnordlandet.com\/wp-content\/uploads\/2022\/01\/4H0A8386-scaled.jpg","datePublished":"2016-01-18T18:51:36+00:00","dateModified":"2025-05-14T08:31:15+00:00","description":"Oplev Allinges boutique hotel p\u00e5 Bornholm: Havudsigt, sauna, restaurant, bar. Familievenligt, h\u00f8j standard. 33 v\u00e6relser. Book din dr\u00f8mmeferie!","breadcrumb":{"@id":"https:\/\/hotelnordlandet.com\/da\/#breadcrumb"},"inLanguage":"da-DK","potentialAction":[{"@type":"ReadAction","target":[["https:\/\/hotelnordlandet.com\/da\/"]]}]},{"@type":"ImageObject","inLanguage":"da-DK","@id":"https:\/\/hotelnordlandet.com\/da\/#primaryimage","url":"https:\/\/hotelnordlandet.com\/wp-content\/uploads\/2022\/01\/4H0A8386-scaled.jpg","contentUrl":"https:\/\/hotelnordlandet.com\/wp-content\/uploads\/2022\/01\/4H0A8386-scaled.jpg","width":2560,"height":1707},{"@type":"BreadcrumbList","@id":"https:\/\/hotelnordlandet.com\/da\/#breadcrumb","itemListElement":[{"@type":"ListItem","position":1,"name":"Home","item":"https:\/\/hotelnordlandet.com\/da\/"},{"@type":"ListItem","position":2,"name":"Boutique hotel Bornholm"}]},{"@type":"WebSite","@id":"https:\/\/hotelnordlandet.com\/da\/#website","url":"https:\/\/hotelnordlandet.com\/da\/","name":"nordlandet","description":"hotel nordlandet bornholm","publisher":{"@id":"https:\/\/hotelnordlandet.com\/da\/#organization"},"potentialAction":[{"@type":"SearchAction","target":{"@type":"EntryPoint","urlTemplate":"https:\/\/hotelnordlandet.com\/da\/?s={search_term_string}"},"query-input":{"@type":"PropertyValueSpecification","valueRequired":true,"valueName":"search_term_string"}}],"inLanguage":"da-DK"},{"@type":"Organization","@id":"https:\/\/hotelnordlandet.com\/da\/#organization","name":"nordlandet","url":"https:\/\/hotelnordlandet.com\/da\/","logo":{"@type":"ImageObject","inLanguage":"da-DK","@id":"https:\/\/hotelnordlandet.com\/da\/#\/schema\/logo\/image\/","url":"https:\/\/hotelnordlandet.com\/wp-content\/uploads\/2016\/01\/U5A0610-e1529747423552.jpg","contentUrl":"https:\/\/hotelnordlandet.com\/wp-content\/uploads\/2016\/01\/U5A0610-e1529747423552.jpg","width":632,"height":933,"caption":"nordlandet"},"image":{"@id":"https:\/\/hotelnordlandet.com\/da\/#\/schema\/logo\/image\/"},"sameAs":["https:\/\/www.facebook.com\/hotelnordlandet"]}]}},"_links":{"self":[{"href":"https:\/\/hotelnordlandet.com\/da\/wp-json\/wp\/v2\/pages\/44637","targetHints":{"allow":["GET"]}}],"collection":[{"href":"https:\/\/hotelnordlandet.com\/da\/wp-json\/wp\/v2\/pages"}],"about":[{"href":"https:\/\/hotelnordlandet.com\/da\/wp-json\/wp\/v2\/types\/page"}],"author":[{"embeddable":true,"href":"https:\/\/hotelnordlandet.com\/da\/wp-json\/wp\/v2\/users\/2"}],"replies":[{"embeddable":true,"href":"https:\/\/hotelnordlandet.com\/da\/wp-json\/wp\/v2\/comments?post=44637"}],"version-history":[{"count":8,"href":"https:\/\/hotelnordlandet.com\/da\/wp-json\/wp\/v2\/pages\/44637\/revisions"}],"predecessor-version":[{"id":50576,"href":"https:\/\/hotelnordlandet.com\/da\/wp-json\/wp\/v2\/pages\/44637\/revisions\/50576"}],"wp:featuredmedia":[{"embeddable":true,"href":"https:\/\/hotelnordlandet.com\/da\/wp-json\/wp\/v2\/media\/49741"}],"wp:attachment":[{"href":"https:\/\/hotelnordlandet.com\/da\/wp-json\/wp\/v2\/media?parent=44637"}],"curies":[{"name":"wp","href":"https:\/\/api.w.org\/{rel}","templated":true}]}}